{"id":1334,"date":"2022-04-26T17:36:21","date_gmt":"2022-04-26T17:36:21","guid":{"rendered":"https:\/\/csdemos.com.ar\/wp\/raicesml\/startseite\/"},"modified":"2023-05-29T20:44:08","modified_gmt":"2023-05-29T20:44:08","slug":"startseite","status":"publish","type":"page","link":"https:\/\/raicesargentinas.it\/de\/","title":{"rendered":"Startseite"},"content":{"rendered":"<p>Entdecken Sie <strong>Raices Argentinas<\/strong>, wo sich Leidenschaft und Exklusivit\u00e4t vereinen. Unser Ziel ist es, die Leidenschaft und Identit\u00e4t Argentiniens mit der Welt zu teilen, und zwar durch exklusive lokale Produkte, die uns repr\u00e4sentieren, und die aus einer \u00fcber 25-j\u00e4hrigen Freundschaft zwischen drei Freunden entstanden sind.<\/p>\n<p>Tauchen Sie ein in den Reichtum unserer Kultur und genie\u00dfen Sie die authentischen Geschm\u00e4cker, die unser Land ausmachen. Unsere sorgf\u00e4ltig zusammengestellte Auswahl zeigt das Beste aus unserem Erbe und garantiert Qualit\u00e4t und Authentizit\u00e4t.<\/p>\n<p>Egal, ob Sie ein Genie\u00dfer, ein Abenteurer oder einfach nur neugierig auf den Reiz Argentiniens sind, <strong>Raices Argentinas<\/strong> hat f\u00fcr jeden etwas Besonderes zu bieten. Lassen Sie uns Ihr Tor zu einer Welt voller au\u00dfergew\u00f6hnlicher Aromen und unvergesslicher Momente sein.<\/p>\n","protected":false},"excerpt":{"rendered":"<p>Entdecken Sie Raices Argentinas, wo sich Leidenschaft und Exklusivit\u00e4t vereinen. Unser Ziel ist es, die Leidenschaft und Identit\u00e4t Argentiniens mit der Welt zu teilen, und zwar durch exklusive lokale Produkte, die uns repr\u00e4sentieren, und die aus einer \u00fcber 25-j\u00e4hrigen Freundschaft zwischen drei Freunden entstanden sind. Tauchen Sie ein in den Reichtum unserer Kultur und genie\u00dfen [&hellip;]<\/p>\n","protected":false},"author":1,"featured_media":0,"parent":0,"menu_order":0,"comment_status":"closed","ping_status":"closed","template":"","meta":[],"_links":{"self":[{"href":"https:\/\/raicesargentinas.it\/de\/wp-json\/wp\/v2\/pages\/1334"}],"collection":[{"href":"https:\/\/raicesargentinas.it\/de\/wp-json\/wp\/v2\/pages"}],"about":[{"href":"https:\/\/raicesargentinas.it\/de\/wp-json\/wp\/v2\/types\/page"}],"author":[{"embeddable":true,"href":"https:\/\/raicesargentinas.it\/de\/wp-json\/wp\/v2\/users\/1"}],"replies":[{"embeddable":true,"href":"https:\/\/raicesargentinas.it\/de\/wp-json\/wp\/v2\/comments?post=1334"}],"version-history":[{"count":2,"href":"https:\/\/raicesargentinas.it\/de\/wp-json\/wp\/v2\/pages\/1334\/revisions"}],"predecessor-version":[{"id":2921,"href":"https:\/\/raicesargentinas.it\/de\/wp-json\/wp\/v2\/pages\/1334\/revisions\/2921"}],"wp:attachment":[{"href":"https:\/\/raicesargentinas.it\/de\/wp-json\/wp\/v2\/media?parent=1334"}],"curies":[{"name":"wp","href":"https:\/\/api.w.org\/{rel}","templated":true}]}}