{"id":1364,"date":"2022-04-26T17:47:58","date_gmt":"2022-04-26T17:47:58","guid":{"rendered":"https:\/\/csdemos.com.ar\/wp\/raicesml\/ueber-uns\/"},"modified":"2023-05-29T19:23:35","modified_gmt":"2023-05-29T19:23:35","slug":"ueber-uns","status":"publish","type":"page","link":"https:\/\/raicesargentinas.it\/de\/ueber-uns\/","title":{"rendered":"\u00dcber uns"},"content":{"rendered":"<p>Bei einem Treffen mit Freunden, die ein k\u00f6stliches Asado und guten Wein genossen, entstand die Idee, unsere Leidenschaft f\u00fcr die argentinische Kultur mit dem Rest der Welt zu teilen.<\/p>\n<p>Und so entstand Ra\u00edces Argentinas, ein Projekt, das allen Landsleuten in der ganzen Welt und allen, die sich f\u00fcr unsere Traditionen interessieren, ein St\u00fcck unseres geliebten Argentiniens auf den Tisch bringen soll.<\/p>\n<p>Mit Hingabe und Begeisterung w\u00e4hlen wir sorgf\u00e4ltig authentische und repr\u00e4sentative Produkte aus unserem Land aus. Wir arbeiten eng mit vertrauensw\u00fcrdigen lokalen Produzenten zusammen, die unser Engagement f\u00fcr Qualit\u00e4t und Authentizit\u00e4t teilen.<\/p>\n<p>Jede Sendung, die unsere H\u00e4nde verl\u00e4sst, tr\u00e4gt die Essenz der Tangomusik, das Aroma von Mate und die Leidenschaft des Fu\u00dfballs in sich. Wir sind stolz darauf, unser reiches kulturelles Erbe weiterzugeben und jede Mahlzeit zu einem unvergesslichen Erlebnis zu machen.<\/p>\n<p>Heute w\u00e4chst Ra\u00edces Argentinas weiter und bringt den Geschmack Argentiniens in die Haushalte weltweit. Dies ist unsere Geschichte, eine Geschichte der Freundschaft, der Leidenschaft und des Wunsches, unsere Wurzeln mit allen zu teilen, die eine authentische Erfahrung suchen.<\/p>\n<p>Begleiten Sie uns auf dieser kulinarischen Reise und entdecken Sie die wahren Geschm\u00e4cker Argentiniens. Wir laden Sie ein, ein Teil unserer Geschichte zu werden und unsere exklusiven Produkte zu genie\u00dfen!<\/p>\n","protected":false},"excerpt":{"rendered":"<p>Bei einem Treffen mit Freunden, die ein k\u00f6stliches Asado und guten Wein genossen, entstand die Idee, unsere Leidenschaft f\u00fcr die argentinische Kultur mit dem Rest der Welt zu teilen. Und so entstand Ra\u00edces Argentinas, ein Projekt, das allen Landsleuten in der ganzen Welt und allen, die sich f\u00fcr unsere Traditionen interessieren, ein St\u00fcck unseres geliebten [&hellip;]<\/p>\n","protected":false},"author":1,"featured_media":0,"parent":0,"menu_order":0,"comment_status":"closed","ping_status":"closed","template":"templates\/template-about-us.php","meta":[],"_links":{"self":[{"href":"https:\/\/raicesargentinas.it\/de\/wp-json\/wp\/v2\/pages\/1364"}],"collection":[{"href":"https:\/\/raicesargentinas.it\/de\/wp-json\/wp\/v2\/pages"}],"about":[{"href":"https:\/\/raicesargentinas.it\/de\/wp-json\/wp\/v2\/types\/page"}],"author":[{"embeddable":true,"href":"https:\/\/raicesargentinas.it\/de\/wp-json\/wp\/v2\/users\/1"}],"replies":[{"embeddable":true,"href":"https:\/\/raicesargentinas.it\/de\/wp-json\/wp\/v2\/comments?post=1364"}],"version-history":[{"count":2,"href":"https:\/\/raicesargentinas.it\/de\/wp-json\/wp\/v2\/pages\/1364\/revisions"}],"predecessor-version":[{"id":2908,"href":"https:\/\/raicesargentinas.it\/de\/wp-json\/wp\/v2\/pages\/1364\/revisions\/2908"}],"wp:attachment":[{"href":"https:\/\/raicesargentinas.it\/de\/wp-json\/wp\/v2\/media?parent=1364"}],"curies":[{"name":"wp","href":"https:\/\/api.w.org\/{rel}","templated":true}]}}