{"id":2036,"date":"2022-11-08T14:24:41","date_gmt":"2022-11-08T14:24:41","guid":{"rendered":"https:\/\/csdemos.com.ar\/wp\/raicesml\/data-privacy\/"},"modified":"2023-05-29T21:33:21","modified_gmt":"2023-05-29T21:33:21","slug":"datenschutz","status":"publish","type":"page","link":"https:\/\/raicesargentinas.it\/de\/datenschutz\/","title":{"rendered":"Datenschutz"},"content":{"rendered":"<p><strong>1. Sammeln von Informationen<\/strong><br \/>\nWir sammeln Informationen, wenn Sie sich auf unserer Website registrieren, wenn Sie sich bei Ihrem Konto anmelden und wenn Sie einkaufen.<br \/>\nZu den von uns erfassten Informationen geh\u00f6ren Ihr Name, Ihre E-Mail-Adresse und Ihre Telefonnummer.<br \/>\nWir speichern niemals Ihre Bankkartendaten auf unseren Servern, diese Daten werden direkt und sicher an unser Zahlungssystem gesendet.<\/p>\n<p><strong>2. Informationen nutzen<br \/>\n<\/strong><br \/>\nAlle Informationen, die wir von Ihnen sammeln, k\u00f6nnen verwendet werden, um:<br \/>\n&#8211; Personalisieren Sie Ihr Erlebnis und erf\u00fcllen Sie Ihre individuellen Bed\u00fcrfnisse<br \/>\n&#8211; Personalisierte Werbung bereitstellen<br \/>\n&#8211; Verbessern Sie unsere Website<br \/>\n&#8211; Verbesserung des Kundendienstes und unserer Reaktion auf Ihre Bed\u00fcrfnisse<br \/>\n&#8211; Sie per E-Mail kontaktieren<br \/>\n&#8211; Spiele, Werbeaktionen oder Umfragen verwalten<\/p>\n<p><strong>3. Datenschutz im elektronischen Gesch\u00e4ftsverkehr<\/strong><\/p>\n<p>Wir sind die alleinigen Eigent\u00fcmer der auf dieser Website gesammelten Informationen. Ihre pers\u00f6nlichen Daten werden nicht verkauft, ausgetauscht, \u00fcbertragen, an andere Unternehmen zu irgendwelchen Zwecken weitergegeben, ohne Ihre Zustimmung, abgesehen von den Daten, die erforderlich sind, um einen Bedarf zu decken und \/ oder eine Transaktion zu bearbeiten, wie z.B. den Versand einer Bestellung.<\/p>\n<p><strong>4. Weitergabe an Dritte<br \/>\n<\/strong><br \/>\nWir werden Ihre identifizierbaren privaten Daten nicht an Dritte verkaufen, austauschen oder weitergeben. Davon ausgenommen sind vertrauensw\u00fcrdige Dritte, die uns beim Betrieb unserer Website oder bei der Durchf\u00fchrung unserer Gesch\u00e4fte helfen, sofern diese Parteien sich verpflichten, die Vertraulichkeit dieser Daten zu wahren.<br \/>\nWir sind der Ansicht, dass es notwendig ist, diese Informationen weiterzugeben, um Umfragen durchzuf\u00fchren, um illegale Aktivit\u00e4ten, Betrugsverdacht, Situationen mit potenziellen Risiken f\u00fcr die physische Sicherheit von Personen, Verst\u00f6\u00dfe gegen unsere Nutzungsbedingungen zu verhindern oder um Ma\u00dfnahmen dagegen zu ergreifen, oder wenn dies gesetzlich vorgeschrieben ist.<br \/>\n\u00d6ffentliche Informationen k\u00f6nnen jedoch zu Marketing-, Werbe- oder anderen Zwecken an andere Parteien weitergegeben werden.<\/p>\n<p><strong>5. Schutz von Informationen<br \/>\n<\/strong><br \/>\nWir ergreifen eine Reihe von Ma\u00dfnahmen, um die Sicherheit Ihrer personenbezogenen Daten zu sch\u00fctzen. Ein SSL-Zertifikat wird f\u00fcr den gesamten Kauf- und Anmeldeprozess verwendet, um sensible Daten, die online \u00fcbertragen werden, zu sch\u00fctzen. Wir sch\u00fctzen Ihre Daten auch offline. Nur Mitarbeiter, die mit bestimmten T\u00e4tigkeiten betraut sind (z. B. Rechnungsstellung oder Kundendienst), haben Zugang zu identifizierbaren personenbezogenen Daten. Die Computer und Server, auf denen identifizierbare pers\u00f6nliche Daten gespeichert werden, befinden sich in einer sicheren Umgebung.<\/p>\n<p><strong>6. Abbestellen<br \/>\n<\/strong><br \/>\nWir verwenden die von Ihnen angegebene E-Mail-Adresse, um Ihnen Informationen und Aktualisierungen zu Ihrer Bestellung, gelegentliche Neuigkeiten \u00fcber das Unternehmen, Neuigkeiten \u00fcber verwandte Produkte usw. zu senden. Wenn Sie sich zu irgendeinem Zeitpunkt abmelden und keine E-Mails mehr erhalten m\u00f6chten, finden Sie am Ende jeder E-Mail eine ausf\u00fchrliche Anleitung, wie Sie sich abmelden k\u00f6nnen.<\/p>\n<p><strong>7. Zustimmung<br \/>\n<\/strong><br \/>\nDurch die Nutzung unserer Website erkl\u00e4ren Sie sich mit unserer Datenschutzpolitik einverstanden. Sie k\u00f6nnen uns jederzeit unter info@raicesargentinas.ch kontaktieren, um Ihr Konto zu l\u00f6schen oder Informationen \u00fcber Sie zu korrigieren\/\u00e4ndern\/l\u00f6schen.<\/p>\n<p>Riva San Vitale, 01.01.2022<br \/>\nAtlantic Brands Sagl<br \/>\nVia San Provino 10F<br \/>\n6826 Riva San Vitale<\/p>\n<h2>Zusammenfassung der Erkl\u00e4rung zum Datenschutz<\/h2>\n<p><strong>1. Was ist die Allgemeine Datenschutzverordnung?<\/strong><\/p>\n<p>Die GDPR ist die neue europ\u00e4ische Verordnung zum Schutz personenbezogener Daten. Die Datenschutz-Grundverordnung enth\u00e4lt Bestimmungen \u00fcber die Verarbeitung personenbezogener Daten durch Unternehmen und Beh\u00f6rden.<br \/>\nWeitere Informationen finden Sie auf der offiziellen Seite der Eidgen\u00f6ssischen Agentur f\u00fcr Datenschutz und Transparenz (PFPDT)<\/p>\n<p><strong>2. Wann tritt die neue Verordnung in Kraft?<\/strong><br \/>\nDie neue Datenschutz-Grundverordnung tritt am 25. Mai 2018 in Kraft.<\/p>\n<p><strong>3. Wer ist von der Datenschutz-Grundverordnung betroffen?<\/strong><br \/>\nDie Datenschutz-Grundverordnung gilt f\u00fcr alle in der EU t\u00e4tigen Unternehmen. Aber auch Unternehmen, die in der Schweiz und in anderen Drittl\u00e4ndern t\u00e4tig sind, k\u00f6nnen von der Verordnung betroffen sein.<\/p>\n","protected":false},"excerpt":{"rendered":"<p>1. Sammeln von Informationen Wir sammeln Informationen, wenn Sie sich auf unserer Website registrieren, wenn Sie sich bei Ihrem Konto anmelden und wenn Sie einkaufen. Zu den von uns erfassten Informationen geh\u00f6ren Ihr Name, Ihre E-Mail-Adresse und Ihre Telefonnummer. Wir speichern niemals Ihre Bankkartendaten auf unseren Servern, diese Daten werden direkt und sicher an unser [&hellip;]<\/p>\n","protected":false},"author":1,"featured_media":0,"parent":0,"menu_order":0,"comment_status":"closed","ping_status":"closed","template":"templates\/template-data-privacy.php","meta":[],"_links":{"self":[{"href":"https:\/\/raicesargentinas.it\/de\/wp-json\/wp\/v2\/pages\/2036"}],"collection":[{"href":"https:\/\/raicesargentinas.it\/de\/wp-json\/wp\/v2\/pages"}],"about":[{"href":"https:\/\/raicesargentinas.it\/de\/wp-json\/wp\/v2\/types\/page"}],"author":[{"embeddable":true,"href":"https:\/\/raicesargentinas.it\/de\/wp-json\/wp\/v2\/users\/1"}],"replies":[{"embeddable":true,"href":"https:\/\/raicesargentinas.it\/de\/wp-json\/wp\/v2\/comments?post=2036"}],"version-history":[{"count":2,"href":"https:\/\/raicesargentinas.it\/de\/wp-json\/wp\/v2\/pages\/2036\/revisions"}],"predecessor-version":[{"id":2936,"href":"https:\/\/raicesargentinas.it\/de\/wp-json\/wp\/v2\/pages\/2036\/revisions\/2936"}],"wp:attachment":[{"href":"https:\/\/raicesargentinas.it\/de\/wp-json\/wp\/v2\/media?parent=2036"}],"curies":[{"name":"wp","href":"https:\/\/api.w.org\/{rel}","templated":true}]}}