{"id":1637,"date":"2022-04-26T16:34:11","date_gmt":"2022-04-26T16:34:11","guid":{"rendered":"https:\/\/csdemos.com.ar\/wp\/raicesml\/product\/roca-malbec-merlot\/"},"modified":"2023-01-13T13:47:50","modified_gmt":"2023-01-13T13:47:50","slug":"alfredo-roca-malbec-merlot-750-ml","status":"publish","type":"product","link":"https:\/\/raicesargentinas.it\/de\/product\/alfredo-roca-malbec-merlot-750-ml\/","title":{"rendered":"ALFREDO ROCA &#8211; MALBEC &#8211; MERLOT 750 ML"},"content":{"rendered":"<p>Leuchtend rote Farbe; mit Aromen von Pflaumen und roten Fr\u00fcchten. Der Beitrag der s\u00fc\u00dfen Tannine des Malbec, die sich mit der Feinheit des Merlot verbinden, ergibt einen eleganten und intensiven Wein.<\/p>\n","protected":false},"excerpt":{"rendered":"<p>Leuchtend rote Farbe; mit Aromen von Pflaumen und roten Fr\u00fcchten. Der Beitrag der s\u00fc\u00dfen Tannine des Malbec, die sich mit der Feinheit des Merlot verbinden, ergibt einen eleganten und intensiven Wein.<\/p>\n","protected":false},"featured_media":585,"template":"","meta":[],"product_cat":[144,109],"product_tag":[],"_links":{"self":[{"href":"https:\/\/raicesargentinas.it\/de\/wp-json\/wp\/v2\/product\/1637"}],"collection":[{"href":"https:\/\/raicesargentinas.it\/de\/wp-json\/wp\/v2\/product"}],"about":[{"href":"https:\/\/raicesargentinas.it\/de\/wp-json\/wp\/v2\/types\/product"}],"wp:featuredmedia":[{"embeddable":true,"href":"https:\/\/raicesargentinas.it\/de\/wp-json\/wp\/v2\/media\/585"}],"wp:attachment":[{"href":"https:\/\/raicesargentinas.it\/de\/wp-json\/wp\/v2\/media?parent=1637"}],"wp:term":[{"taxonomy":"product_cat","embeddable":true,"href":"https:\/\/raicesargentinas.it\/de\/wp-json\/wp\/v2\/product_cat?post=1637"},{"taxonomy":"product_tag","embeddable":true,"href":"https:\/\/raicesargentinas.it\/de\/wp-json\/wp\/v2\/product_tag?post=1637"}],"curies":[{"name":"wp","href":"https:\/\/api.w.org\/{rel}","templated":true}]}}