{"id":1656,"date":"2022-04-27T01:41:24","date_gmt":"2022-04-27T01:41:24","guid":{"rendered":"https:\/\/csdemos.com.ar\/wp\/raicesml\/product\/original-parzellen-sangiovese\/"},"modified":"2023-01-13T14:02:34","modified_gmt":"2023-01-13T14:02:34","slug":"alfredo-roca-parcelas-originales-sangiovese","status":"publish","type":"product","link":"https:\/\/raicesargentinas.it\/de\/product\/alfredo-roca-parcelas-originales-sangiovese\/","title":{"rendered":"ALFREDO ROCA &#8211; PARCELAS ORIGINALES SANGIOVESE"},"content":{"rendered":"<p>Von gro\u00dfer Komplexit\u00e4t und Charakter; mit einer freundlichen Textur; pr\u00e4senter S\u00e4ure und vollen Tanninen. Mit blumigen Aromen, die an Veilchen und Trockenfr\u00fcchte erinnern.<\/p>\n","protected":false},"excerpt":{"rendered":"<p>Von gro\u00dfer Komplexit\u00e4t und Charakter; mit einer freundlichen Textur; pr\u00e4senter S\u00e4ure und vollen Tanninen. Mit blumigen Aromen, die an Veilchen und Trockenfr\u00fcchte erinnern.<\/p>\n","protected":false},"featured_media":589,"template":"","meta":[],"product_cat":[144,109],"product_tag":[126,127,128],"_links":{"self":[{"href":"https:\/\/raicesargentinas.it\/de\/wp-json\/wp\/v2\/product\/1656"}],"collection":[{"href":"https:\/\/raicesargentinas.it\/de\/wp-json\/wp\/v2\/product"}],"about":[{"href":"https:\/\/raicesargentinas.it\/de\/wp-json\/wp\/v2\/types\/product"}],"wp:featuredmedia":[{"embeddable":true,"href":"https:\/\/raicesargentinas.it\/de\/wp-json\/wp\/v2\/media\/589"}],"wp:attachment":[{"href":"https:\/\/raicesargentinas.it\/de\/wp-json\/wp\/v2\/media?parent=1656"}],"wp:term":[{"taxonomy":"product_cat","embeddable":true,"href":"https:\/\/raicesargentinas.it\/de\/wp-json\/wp\/v2\/product_cat?post=1656"},{"taxonomy":"product_tag","embeddable":true,"href":"https:\/\/raicesargentinas.it\/de\/wp-json\/wp\/v2\/product_tag?post=1656"}],"curies":[{"name":"wp","href":"https:\/\/api.w.org\/{rel}","templated":true}]}}