{"id":1668,"date":"2022-10-25T20:35:53","date_gmt":"2022-10-25T20:35:53","guid":{"rendered":"https:\/\/csdemos.com.ar\/wp\/raicesml\/product\/reserva-de-familia-pinot-noir\/"},"modified":"2023-01-13T14:01:00","modified_gmt":"2023-01-13T14:01:00","slug":"alfredo-roca-reserva-de-familia-pinot-noir","status":"publish","type":"product","link":"https:\/\/raicesargentinas.it\/de\/product\/alfredo-roca-reserva-de-familia-pinot-noir\/","title":{"rendered":"ALFREDO ROCA &#8211; RESERVA DE FAMILIA PINOT NOIR"},"content":{"rendered":"<p>Sehr lebendige rote Farbe, die sich in einem intensiven und tiefen Rubinrot zeigt. In der Nase ist er dank seiner w\u00fcrzigen Aromapalette sehr elegant und interessant. Am Gaumen ist er komplex und delikat, mit Aromen von dunklen Fr\u00fcchten und Gew\u00fcrzen, die durch die Reifung in franz\u00f6sischer Eiche noch verst\u00e4rkt werden.<\/p>\n","protected":false},"excerpt":{"rendered":"<p>Sehr lebendige rote Farbe, die sich in einem intensiven und tiefen Rubinrot zeigt. In der Nase ist er dank seiner w\u00fcrzigen Aromapalette sehr elegant und interessant. Am Gaumen ist er komplex und delikat, mit Aromen von dunklen Fr\u00fcchten und Gew\u00fcrzen, die durch die Reifung in franz\u00f6sischer Eiche noch verst\u00e4rkt werden.<\/p>\n","protected":false},"featured_media":625,"template":"","meta":[],"product_cat":[144,109],"product_tag":[],"_links":{"self":[{"href":"https:\/\/raicesargentinas.it\/de\/wp-json\/wp\/v2\/product\/1668"}],"collection":[{"href":"https:\/\/raicesargentinas.it\/de\/wp-json\/wp\/v2\/product"}],"about":[{"href":"https:\/\/raicesargentinas.it\/de\/wp-json\/wp\/v2\/types\/product"}],"wp:featuredmedia":[{"embeddable":true,"href":"https:\/\/raicesargentinas.it\/de\/wp-json\/wp\/v2\/media\/625"}],"wp:attachment":[{"href":"https:\/\/raicesargentinas.it\/de\/wp-json\/wp\/v2\/media?parent=1668"}],"wp:term":[{"taxonomy":"product_cat","embeddable":true,"href":"https:\/\/raicesargentinas.it\/de\/wp-json\/wp\/v2\/product_cat?post=1668"},{"taxonomy":"product_tag","embeddable":true,"href":"https:\/\/raicesargentinas.it\/de\/wp-json\/wp\/v2\/product_tag?post=1668"}],"curies":[{"name":"wp","href":"https:\/\/api.w.org\/{rel}","templated":true}]}}