{"id":1673,"date":"2022-10-25T20:33:52","date_gmt":"2022-10-25T20:33:52","guid":{"rendered":"https:\/\/csdemos.com.ar\/wp\/raicesml\/product\/reserva-de-familia-malbec\/"},"modified":"2023-01-13T14:01:51","modified_gmt":"2023-01-13T14:01:51","slug":"alfredo-roca-reserva-de-familia-malbec","status":"publish","type":"product","link":"https:\/\/raicesargentinas.it\/de\/product\/alfredo-roca-reserva-de-familia-malbec\/","title":{"rendered":"ALFREDO ROCA &#8211; RESERVA DE FAMILIA MALBEC"},"content":{"rendered":"<p>Intensive Farbe, in der sich perfekte violette Rott\u00f6ne widerspiegeln. Es \u00fcberwiegen Aromen von roten Fr\u00fcchten, die sich mit s\u00fc\u00dfen Vanillenoten aus dem Eichenausbau vermischen.<br \/>\nAm Gaumen ist er aufgrund seiner hohen Konzentration an reifen Tanninen sehr strukturiert.<\/p>\n","protected":false},"excerpt":{"rendered":"<p>Intensive Farbe, in der sich perfekte violette Rott\u00f6ne widerspiegeln. Es \u00fcberwiegen Aromen von roten Fr\u00fcchten, die sich mit s\u00fc\u00dfen Vanillenoten aus dem Eichenausbau vermischen. Am Gaumen ist er aufgrund seiner hohen Konzentration an reifen Tanninen sehr strukturiert.<\/p>\n","protected":false},"featured_media":621,"template":"","meta":[],"product_cat":[144,109],"product_tag":[],"_links":{"self":[{"href":"https:\/\/raicesargentinas.it\/de\/wp-json\/wp\/v2\/product\/1673"}],"collection":[{"href":"https:\/\/raicesargentinas.it\/de\/wp-json\/wp\/v2\/product"}],"about":[{"href":"https:\/\/raicesargentinas.it\/de\/wp-json\/wp\/v2\/types\/product"}],"wp:featuredmedia":[{"embeddable":true,"href":"https:\/\/raicesargentinas.it\/de\/wp-json\/wp\/v2\/media\/621"}],"wp:attachment":[{"href":"https:\/\/raicesargentinas.it\/de\/wp-json\/wp\/v2\/media?parent=1673"}],"wp:term":[{"taxonomy":"product_cat","embeddable":true,"href":"https:\/\/raicesargentinas.it\/de\/wp-json\/wp\/v2\/product_cat?post=1673"},{"taxonomy":"product_tag","embeddable":true,"href":"https:\/\/raicesargentinas.it\/de\/wp-json\/wp\/v2\/product_tag?post=1673"}],"curies":[{"name":"wp","href":"https:\/\/api.w.org\/{rel}","templated":true}]}}