{"id":1715,"date":"2022-10-25T22:30:19","date_gmt":"2022-10-25T22:30:19","guid":{"rendered":"https:\/\/csdemos.com.ar\/wp\/raicesml\/product\/galletitas-integrales\/"},"modified":"2023-01-31T21:49:10","modified_gmt":"2023-01-31T21:49:10","slug":"galletita-integral-chips-de-chocolate","status":"publish","type":"product","link":"https:\/\/raicesargentinas.it\/de\/product\/galletita-integral-chips-de-chocolate\/","title":{"rendered":"GALLETITA INTEGRAL CHIPS DE CHOCOLATE"},"content":{"rendered":"<p>100% Vollwertkost, bei der nur nat\u00fcrliche Zutaten verwendet werden, um das leckerste und ges\u00fcndeste Endprodukt zu erhalten. Zubereitet aus 100% Vollkornmehl, Haferflocken, Sonnenblumen\u00f6l mit hohem \u00d6lgehalt und 100% ges\u00fc\u00dft mit braunem Rohrzucker von Mascabo.<\/p>\n","protected":false},"excerpt":{"rendered":"<p>100% Vollwertkost, bei der nur nat\u00fcrliche Zutaten verwendet werden, um das leckerste und ges\u00fcndeste Endprodukt zu erhalten. Zubereitet aus 100% Vollkornmehl, Haferflocken, Sonnenblumen\u00f6l mit hohem \u00d6lgehalt und 100% ges\u00fc\u00dft mit braunem Rohrzucker von Mascabo.<\/p>\n","protected":false},"featured_media":2314,"template":"","meta":[],"product_cat":[314,134],"product_tag":[],"_links":{"self":[{"href":"https:\/\/raicesargentinas.it\/de\/wp-json\/wp\/v2\/product\/1715"}],"collection":[{"href":"https:\/\/raicesargentinas.it\/de\/wp-json\/wp\/v2\/product"}],"about":[{"href":"https:\/\/raicesargentinas.it\/de\/wp-json\/wp\/v2\/types\/product"}],"wp:featuredmedia":[{"embeddable":true,"href":"https:\/\/raicesargentinas.it\/de\/wp-json\/wp\/v2\/media\/2314"}],"wp:attachment":[{"href":"https:\/\/raicesargentinas.it\/de\/wp-json\/wp\/v2\/media?parent=1715"}],"wp:term":[{"taxonomy":"product_cat","embeddable":true,"href":"https:\/\/raicesargentinas.it\/de\/wp-json\/wp\/v2\/product_cat?post=1715"},{"taxonomy":"product_tag","embeddable":true,"href":"https:\/\/raicesargentinas.it\/de\/wp-json\/wp\/v2\/product_tag?post=1715"}],"curies":[{"name":"wp","href":"https:\/\/api.w.org\/{rel}","templated":true}]}}