{"id":2133,"date":"2022-11-28T13:50:02","date_gmt":"2022-11-28T13:50:02","guid":{"rendered":"https:\/\/csdemos.com.ar\/wp\/raicesml\/product\/all-natural-cookie-granola-with-rolled-oats-almonds-and-peanuts\/"},"modified":"2023-01-31T21:46:56","modified_gmt":"2023-01-31T21:46:56","slug":"galletita-integral-granola","status":"publish","type":"product","link":"https:\/\/raicesargentinas.it\/de\/product\/galletita-integral-granola\/","title":{"rendered":"GALLETITA INTEGRAL GRANOLA"},"content":{"rendered":"<p>100% Vollwertkost, bei der nur nat\u00fcrliche Zutaten verwendet werden, um das leckerste und ges\u00fcndeste Endprodukt zu erhalten. Zubereitet aus 100% Vollkornmehl, Haferflocken, Sonnenblumen\u00f6l mit hohem \u00d6lgehalt und 100% ges\u00fc\u00dft mit braunem Rohrzucker von Mascabo.<\/p>\n","protected":false},"excerpt":{"rendered":"<p>100% Vollwertkost, bei der nur nat\u00fcrliche Zutaten verwendet werden, um das leckerste und ges\u00fcndeste Endprodukt zu erhalten. Zubereitet aus 100% Vollkornmehl, Haferflocken, Sonnenblumen\u00f6l mit hohem \u00d6lgehalt und 100% ges\u00fc\u00dft mit braunem Rohrzucker von Mascabo.<\/p>\n","protected":false},"featured_media":2309,"template":"","meta":[],"product_cat":[314,134],"product_tag":[],"_links":{"self":[{"href":"https:\/\/raicesargentinas.it\/de\/wp-json\/wp\/v2\/product\/2133"}],"collection":[{"href":"https:\/\/raicesargentinas.it\/de\/wp-json\/wp\/v2\/product"}],"about":[{"href":"https:\/\/raicesargentinas.it\/de\/wp-json\/wp\/v2\/types\/product"}],"wp:featuredmedia":[{"embeddable":true,"href":"https:\/\/raicesargentinas.it\/de\/wp-json\/wp\/v2\/media\/2309"}],"wp:attachment":[{"href":"https:\/\/raicesargentinas.it\/de\/wp-json\/wp\/v2\/media?parent=2133"}],"wp:term":[{"taxonomy":"product_cat","embeddable":true,"href":"https:\/\/raicesargentinas.it\/de\/wp-json\/wp\/v2\/product_cat?post=2133"},{"taxonomy":"product_tag","embeddable":true,"href":"https:\/\/raicesargentinas.it\/de\/wp-json\/wp\/v2\/product_tag?post=2133"}],"curies":[{"name":"wp","href":"https:\/\/api.w.org\/{rel}","templated":true}]}}