{"id":2182,"date":"2022-12-12T18:45:11","date_gmt":"2022-12-12T18:45:11","guid":{"rendered":"https:\/\/csdemos.com.ar\/wp\/raicesml\/?post_type=product&#038;p=2182"},"modified":"2022-12-12T19:14:36","modified_gmt":"2022-12-12T19:14:36","slug":"alfajor-mousse-cachafaz-box-12-x-50g","status":"publish","type":"product","link":"https:\/\/raicesargentinas.it\/de\/product\/alfajor-mousse-cachafaz-box-12-x-50g\/","title":{"rendered":"ALFAJOR MOUSSE CACHAFAZ BOX 12 X 50G"},"content":{"rendered":"<p>Alfajor gef\u00fcllt mit einer k\u00f6stlichen Schokoladenmousse, umh\u00fcllt von Milchschokolade<\/p>\n","protected":false},"excerpt":{"rendered":"<p>Alfajor gef\u00fcllt mit einer k\u00f6stlichen Schokoladenmousse, umh\u00fcllt von Milchschokolade<\/p>\n","protected":false},"featured_media":2243,"template":"","meta":[],"product_cat":[314,134],"product_tag":[],"_links":{"self":[{"href":"https:\/\/raicesargentinas.it\/de\/wp-json\/wp\/v2\/product\/2182"}],"collection":[{"href":"https:\/\/raicesargentinas.it\/de\/wp-json\/wp\/v2\/product"}],"about":[{"href":"https:\/\/raicesargentinas.it\/de\/wp-json\/wp\/v2\/types\/product"}],"wp:featuredmedia":[{"embeddable":true,"href":"https:\/\/raicesargentinas.it\/de\/wp-json\/wp\/v2\/media\/2243"}],"wp:attachment":[{"href":"https:\/\/raicesargentinas.it\/de\/wp-json\/wp\/v2\/media?parent=2182"}],"wp:term":[{"taxonomy":"product_cat","embeddable":true,"href":"https:\/\/raicesargentinas.it\/de\/wp-json\/wp\/v2\/product_cat?post=2182"},{"taxonomy":"product_tag","embeddable":true,"href":"https:\/\/raicesargentinas.it\/de\/wp-json\/wp\/v2\/product_tag?post=2182"}],"curies":[{"name":"wp","href":"https:\/\/api.w.org\/{rel}","templated":true}]}}