{"id":3022,"date":"2023-11-04T15:51:06","date_gmt":"2023-11-04T15:51:06","guid":{"rendered":"https:\/\/raicesargentinas.it\/product\/estate-malbec-2021\/"},"modified":"2023-11-04T16:54:05","modified_gmt":"2023-11-04T16:54:05","slug":"anwesen-malbec-2021","status":"publish","type":"product","link":"https:\/\/raicesargentinas.it\/de\/product\/anwesen-malbec-2021\/","title":{"rendered":"WEINGUT &#8211; MALBEC 2021"},"content":{"rendered":"<p>Rubinroter Wein mit violetten Reflexen und fruchtigen Aromen von Preiselbeeren und Pflaumen. Es ist ein runder und kr\u00e4ftiger Wein, der dank seiner s\u00fc\u00dfen Gerbstoffe und seiner guten S\u00e4ure frisch und opulent ist.<\/p>\n","protected":false},"excerpt":{"rendered":"<p>Rubinroter Wein mit violetten Reflexen und fruchtigen Aromen von Preiselbeeren und Pflaumen. Es ist ein runder und kr\u00e4ftiger Wein, der dank seiner s\u00fc\u00dfen Gerbstoffe und seiner guten S\u00e4ure frisch und opulent ist.<\/p>\n","protected":false},"featured_media":3013,"template":"","meta":[],"product_cat":[144,257],"product_tag":[260,127],"_links":{"self":[{"href":"https:\/\/raicesargentinas.it\/de\/wp-json\/wp\/v2\/product\/3022"}],"collection":[{"href":"https:\/\/raicesargentinas.it\/de\/wp-json\/wp\/v2\/product"}],"about":[{"href":"https:\/\/raicesargentinas.it\/de\/wp-json\/wp\/v2\/types\/product"}],"wp:featuredmedia":[{"embeddable":true,"href":"https:\/\/raicesargentinas.it\/de\/wp-json\/wp\/v2\/media\/3013"}],"wp:attachment":[{"href":"https:\/\/raicesargentinas.it\/de\/wp-json\/wp\/v2\/media?parent=3022"}],"wp:term":[{"taxonomy":"product_cat","embeddable":true,"href":"https:\/\/raicesargentinas.it\/de\/wp-json\/wp\/v2\/product_cat?post=3022"},{"taxonomy":"product_tag","embeddable":true,"href":"https:\/\/raicesargentinas.it\/de\/wp-json\/wp\/v2\/product_tag?post=3022"}],"curies":[{"name":"wp","href":"https:\/\/api.w.org\/{rel}","templated":true}]}}