{"id":3037,"date":"2023-11-04T15:56:16","date_gmt":"2023-11-04T15:56:16","guid":{"rendered":"https:\/\/raicesargentinas.it\/product\/estate-cabernet-sauvignon-2022\/"},"modified":"2023-11-04T16:54:46","modified_gmt":"2023-11-04T16:54:46","slug":"gutshof-cabernet-sauvignon-2022","status":"publish","type":"product","link":"https:\/\/raicesargentinas.it\/de\/product\/gutshof-cabernet-sauvignon-2022\/","title":{"rendered":"WEINGUT &#8211; CABERNET SAUVIGNON 2022"},"content":{"rendered":"<p>Wein von intensiv rot-rubinroter Farbe und violetten Reflexen. Sehr komplexes Bouquet mit Aromen von Himbeeren und schwarzem Pfeffer und mineralischen Noten. Im Mund ist er ein gut strukturierter und k\u00f6rperreicher Wein mit s\u00fc\u00dfen Tanninen und einem langen, anhaltenden Abgang.<\/p>\n","protected":false},"excerpt":{"rendered":"<p>Wein von intensiv rot-rubinroter Farbe und violetten Reflexen. Sehr komplexes Bouquet mit Aromen von Himbeeren und schwarzem Pfeffer und mineralischen Noten. Im Mund ist er ein gut strukturierter und k\u00f6rperreicher Wein mit s\u00fc\u00dfen Tanninen und einem langen, anhaltenden Abgang.<\/p>\n","protected":false},"featured_media":3033,"template":"","meta":[],"product_cat":[144,257],"product_tag":[265,260],"_links":{"self":[{"href":"https:\/\/raicesargentinas.it\/de\/wp-json\/wp\/v2\/product\/3037"}],"collection":[{"href":"https:\/\/raicesargentinas.it\/de\/wp-json\/wp\/v2\/product"}],"about":[{"href":"https:\/\/raicesargentinas.it\/de\/wp-json\/wp\/v2\/types\/product"}],"wp:featuredmedia":[{"embeddable":true,"href":"https:\/\/raicesargentinas.it\/de\/wp-json\/wp\/v2\/media\/3033"}],"wp:attachment":[{"href":"https:\/\/raicesargentinas.it\/de\/wp-json\/wp\/v2\/media?parent=3037"}],"wp:term":[{"taxonomy":"product_cat","embeddable":true,"href":"https:\/\/raicesargentinas.it\/de\/wp-json\/wp\/v2\/product_cat?post=3037"},{"taxonomy":"product_tag","embeddable":true,"href":"https:\/\/raicesargentinas.it\/de\/wp-json\/wp\/v2\/product_tag?post=3037"}],"curies":[{"name":"wp","href":"https:\/\/api.w.org\/{rel}","templated":true}]}}