{"id":3052,"date":"2023-11-04T15:59:55","date_gmt":"2023-11-04T15:59:55","guid":{"rendered":"https:\/\/raicesargentinas.it\/product\/reserva-malbec-2018\/"},"modified":"2023-11-04T16:55:40","modified_gmt":"2023-11-04T16:55:40","slug":"reserva-malbec-2018","status":"publish","type":"product","link":"https:\/\/raicesargentinas.it\/de\/product\/reserva-malbec-2018\/","title":{"rendered":"RESERVA &#8211; MALBEC 2018"},"content":{"rendered":"<p>Rubinroter Wein mit violetten Reflexen. Fruchtige Aromen wie Heidelbeeren und Pflaumen, die ein reiches und harmonisches Bouquet ergeben. Im Mund pr\u00e4sentiert er einen samtigen Einstieg, einen frischen und doch gut strukturierten Nachgeschmack dank seiner s\u00fc\u00dfen Tannine und einer guten S\u00e4ure.<\/p>\n","protected":false},"excerpt":{"rendered":"<p>Rubinroter Wein mit violetten Reflexen. Fruchtige Aromen wie Heidelbeeren und Pflaumen, die ein reiches und harmonisches Bouquet ergeben. Im Mund pr\u00e4sentiert er einen samtigen Einstieg, einen frischen und doch gut strukturierten Nachgeschmack dank seiner s\u00fc\u00dfen Tannine und einer guten S\u00e4ure.<\/p>\n","protected":false},"featured_media":3048,"template":"","meta":[],"product_cat":[144,257],"product_tag":[260,127],"_links":{"self":[{"href":"https:\/\/raicesargentinas.it\/de\/wp-json\/wp\/v2\/product\/3052"}],"collection":[{"href":"https:\/\/raicesargentinas.it\/de\/wp-json\/wp\/v2\/product"}],"about":[{"href":"https:\/\/raicesargentinas.it\/de\/wp-json\/wp\/v2\/types\/product"}],"wp:featuredmedia":[{"embeddable":true,"href":"https:\/\/raicesargentinas.it\/de\/wp-json\/wp\/v2\/media\/3048"}],"wp:attachment":[{"href":"https:\/\/raicesargentinas.it\/de\/wp-json\/wp\/v2\/media?parent=3052"}],"wp:term":[{"taxonomy":"product_cat","embeddable":true,"href":"https:\/\/raicesargentinas.it\/de\/wp-json\/wp\/v2\/product_cat?post=3052"},{"taxonomy":"product_tag","embeddable":true,"href":"https:\/\/raicesargentinas.it\/de\/wp-json\/wp\/v2\/product_tag?post=3052"}],"curies":[{"name":"wp","href":"https:\/\/api.w.org\/{rel}","templated":true}]}}