{"id":3218,"date":"2024-01-22T14:55:38","date_gmt":"2024-01-22T14:55:38","guid":{"rendered":"https:\/\/raicesargentinas.it\/product\/gran-reserva-fiano\/"},"modified":"2024-01-22T15:49:04","modified_gmt":"2024-01-22T15:49:04","slug":"gran-reserva-fiano","status":"publish","type":"product","link":"https:\/\/raicesargentinas.it\/de\/product\/gran-reserva-fiano\/","title":{"rendered":"GRAN RESERVA FIANO"},"content":{"rendered":"<p>100% Fiano Wei\u00dfwein, mit goldenen Reflexen. In der Nase zeigt er Aromen von wei\u00dfen Blumen wie Jasmin und Gew\u00fcrzen. Am Anfang ist er frisch und trocken, am Gaumen ist er lang anhaltend. Die Alterung ist vor allem im Nachgeschmack sp\u00fcrbar.<\/p>\n","protected":false},"excerpt":{"rendered":"<p>100% Fiano Wei\u00dfwein, mit goldenen Reflexen. In der Nase zeigt er Aromen von wei\u00dfen Blumen wie Jasmin und Gew\u00fcrzen. Am Anfang ist er frisch und trocken, am Gaumen ist er lang anhaltend. Die Alterung ist vor allem im Nachgeschmack sp\u00fcrbar.<\/p>\n","protected":false},"featured_media":3209,"template":"","meta":[],"product_cat":[144,257],"product_tag":[272,273],"_links":{"self":[{"href":"https:\/\/raicesargentinas.it\/de\/wp-json\/wp\/v2\/product\/3218"}],"collection":[{"href":"https:\/\/raicesargentinas.it\/de\/wp-json\/wp\/v2\/product"}],"about":[{"href":"https:\/\/raicesargentinas.it\/de\/wp-json\/wp\/v2\/types\/product"}],"wp:featuredmedia":[{"embeddable":true,"href":"https:\/\/raicesargentinas.it\/de\/wp-json\/wp\/v2\/media\/3209"}],"wp:attachment":[{"href":"https:\/\/raicesargentinas.it\/de\/wp-json\/wp\/v2\/media?parent=3218"}],"wp:term":[{"taxonomy":"product_cat","embeddable":true,"href":"https:\/\/raicesargentinas.it\/de\/wp-json\/wp\/v2\/product_cat?post=3218"},{"taxonomy":"product_tag","embeddable":true,"href":"https:\/\/raicesargentinas.it\/de\/wp-json\/wp\/v2\/product_tag?post=3218"}],"curies":[{"name":"wp","href":"https:\/\/api.w.org\/{rel}","templated":true}]}}