{"id":3497,"date":"2025-01-31T13:34:10","date_gmt":"2025-01-31T13:34:10","guid":{"rendered":"https:\/\/raicesargentinas.it\/product\/estate-chardonnay\/"},"modified":"2025-02-03T19:34:03","modified_gmt":"2025-02-03T19:34:03","slug":"estate-chardonnay","status":"publish","type":"product","link":"https:\/\/raicesargentinas.it\/de\/product\/estate-chardonnay\/","title":{"rendered":"ESTATE &#8211; CHARDONNAY"},"content":{"rendered":"<p>100 % Chardonnay-Wei\u00dfwein. Frisch und leicht, mit einer goldenen Farbe mit gr\u00fcnlichen Reflexen und Aromen von wei\u00dfen Fr\u00fcchten wie Banane und Birne und Zitrusfr\u00fcchten wie Limette, begleitet von einigen mineralischen Noten. Im Mund ist er zart und ausgewogen<\/p>\n","protected":false},"excerpt":{"rendered":"<p>100 % Chardonnay-Wei\u00dfwein. Frisch und leicht, mit einer goldenen Farbe mit gr\u00fcnlichen Reflexen und Aromen von wei\u00dfen Fr\u00fcchten wie Banane und Birne und Zitrusfr\u00fcchten wie Limette, begleitet von einigen mineralischen Noten. Im Mund ist er zart und ausgewogen<\/p>\n","protected":false},"featured_media":3481,"template":"","meta":[],"product_cat":[144,257],"product_tag":[],"_links":{"self":[{"href":"https:\/\/raicesargentinas.it\/de\/wp-json\/wp\/v2\/product\/3497"}],"collection":[{"href":"https:\/\/raicesargentinas.it\/de\/wp-json\/wp\/v2\/product"}],"about":[{"href":"https:\/\/raicesargentinas.it\/de\/wp-json\/wp\/v2\/types\/product"}],"wp:featuredmedia":[{"embeddable":true,"href":"https:\/\/raicesargentinas.it\/de\/wp-json\/wp\/v2\/media\/3481"}],"wp:attachment":[{"href":"https:\/\/raicesargentinas.it\/de\/wp-json\/wp\/v2\/media?parent=3497"}],"wp:term":[{"taxonomy":"product_cat","embeddable":true,"href":"https:\/\/raicesargentinas.it\/de\/wp-json\/wp\/v2\/product_cat?post=3497"},{"taxonomy":"product_tag","embeddable":true,"href":"https:\/\/raicesargentinas.it\/de\/wp-json\/wp\/v2\/product_tag?post=3497"}],"curies":[{"name":"wp","href":"https:\/\/api.w.org\/{rel}","templated":true}]}}