{"id":3522,"date":"2025-01-31T13:43:13","date_gmt":"2025-01-31T13:43:13","guid":{"rendered":"https:\/\/raicesargentinas.it\/product\/gran-reserva-pinot-noir\/"},"modified":"2025-02-03T19:42:10","modified_gmt":"2025-02-03T19:42:10","slug":"gran-reserva-pinot-noir","status":"publish","type":"product","link":"https:\/\/raicesargentinas.it\/de\/product\/gran-reserva-pinot-noir\/","title":{"rendered":"GRAN RESERVA &#8211; PINOT NOIR"},"content":{"rendered":"<p>100 % Pinot Noir-Rotwein. Manuelle Auswahl der Trauben. 95 % der Trauben werden entrappt, bei den restlichen 5 % verbleiben die Stiele. Mazeration f\u00fcr ungef\u00e4hr 18 Tage. Alkoholische G\u00e4rung mit einheimischen Hefen bei einer Temperatur zwischen 18 und 15 \u00b0C. Entdecken Sie franz\u00f6sische Eichenf\u00e4sser.<br \/>\nMalolaktische G\u00e4rung. 12 Monate Verfeinerung im Fass und anschlie\u00dfende Fraktionierung.<\/p>\n","protected":false},"excerpt":{"rendered":"<p>100 % Pinot Noir-Rotwein. Manuelle Auswahl der Trauben. 95 % der Trauben werden entrappt, bei den restlichen 5 % verbleiben die Stiele. Mazeration f\u00fcr ungef\u00e4hr 18 Tage. Alkoholische G\u00e4rung mit einheimischen Hefen bei einer Temperatur zwischen 18 und 15 \u00b0C. Entdecken Sie franz\u00f6sische Eichenf\u00e4sser. Malolaktische G\u00e4rung. 12 Monate Verfeinerung im Fass und anschlie\u00dfende Fraktionierung.<\/p>\n","protected":false},"featured_media":3486,"template":"","meta":[],"product_cat":[144,257],"product_tag":[],"_links":{"self":[{"href":"https:\/\/raicesargentinas.it\/de\/wp-json\/wp\/v2\/product\/3522"}],"collection":[{"href":"https:\/\/raicesargentinas.it\/de\/wp-json\/wp\/v2\/product"}],"about":[{"href":"https:\/\/raicesargentinas.it\/de\/wp-json\/wp\/v2\/types\/product"}],"wp:featuredmedia":[{"embeddable":true,"href":"https:\/\/raicesargentinas.it\/de\/wp-json\/wp\/v2\/media\/3486"}],"wp:attachment":[{"href":"https:\/\/raicesargentinas.it\/de\/wp-json\/wp\/v2\/media?parent=3522"}],"wp:term":[{"taxonomy":"product_cat","embeddable":true,"href":"https:\/\/raicesargentinas.it\/de\/wp-json\/wp\/v2\/product_cat?post=3522"},{"taxonomy":"product_tag","embeddable":true,"href":"https:\/\/raicesargentinas.it\/de\/wp-json\/wp\/v2\/product_tag?post=3522"}],"curies":[{"name":"wp","href":"https:\/\/api.w.org\/{rel}","templated":true}]}}