{"id":1341,"date":"2022-04-26T17:36:21","date_gmt":"2022-04-26T17:36:21","guid":{"rendered":"https:\/\/csdemos.com.ar\/wp\/raicesml\/inicio\/"},"modified":"2023-05-30T21:48:04","modified_gmt":"2023-05-30T21:48:04","slug":"inicio","status":"publish","type":"page","link":"https:\/\/raicesargentinas.it\/es\/","title":{"rendered":"Inicio"},"content":{"rendered":"<p>Descubra <strong>Ra\u00edces Argentinas<\/strong>, donde se unen pasi\u00f3n y exclusividad. Nacidos de una amistad de m\u00e1s de 25 a\u00f1os entre tres amigos, nuestro objetivo es compartir la pasi\u00f3n y la identidad de Argentina con el mundo a trav\u00e9s de productos locales exclusivos que nos representen.<\/p>\n<p>Sum\u00e9rjase en la riqueza de nuestra cultura y disfrute los aut\u00e9nticos sabores que definen nuestra naci\u00f3n. Nuestra cuidada selecci\u00f3n muestra lo mejor de nuestro patrimonio, garantizando calidad y autenticidad.<\/p>\n<p>Tanto si es un entendido, un aventurero o simplemente siente curiosidad por explorar el encanto de Argentina, <strong>Ra\u00edces Argentinas<\/strong> tiene algo especial para todos. Perm\u00edtanos ser su puerta de entrada a un mundo de sabores extraordinarios y momentos inolvidables.<\/p>\n","protected":false},"excerpt":{"rendered":"<p>Descubra Ra\u00edces Argentinas, donde se unen pasi\u00f3n y exclusividad. Nacidos de una amistad de m\u00e1s de 25 a\u00f1os entre tres amigos, nuestro objetivo es compartir la pasi\u00f3n y la identidad de Argentina con el mundo a trav\u00e9s de productos locales exclusivos que nos representen. Sum\u00e9rjase en la riqueza de nuestra cultura y disfrute los aut\u00e9nticos [&hellip;]<\/p>\n","protected":false},"author":1,"featured_media":0,"parent":0,"menu_order":0,"comment_status":"closed","ping_status":"closed","template":"","meta":[],"_links":{"self":[{"href":"https:\/\/raicesargentinas.it\/es\/wp-json\/wp\/v2\/pages\/1341"}],"collection":[{"href":"https:\/\/raicesargentinas.it\/es\/wp-json\/wp\/v2\/pages"}],"about":[{"href":"https:\/\/raicesargentinas.it\/es\/wp-json\/wp\/v2\/types\/page"}],"author":[{"embeddable":true,"href":"https:\/\/raicesargentinas.it\/es\/wp-json\/wp\/v2\/users\/1"}],"replies":[{"embeddable":true,"href":"https:\/\/raicesargentinas.it\/es\/wp-json\/wp\/v2\/comments?post=1341"}],"version-history":[{"count":4,"href":"https:\/\/raicesargentinas.it\/es\/wp-json\/wp\/v2\/pages\/1341\/revisions"}],"predecessor-version":[{"id":2964,"href":"https:\/\/raicesargentinas.it\/es\/wp-json\/wp\/v2\/pages\/1341\/revisions\/2964"}],"wp:attachment":[{"href":"https:\/\/raicesargentinas.it\/es\/wp-json\/wp\/v2\/media?parent=1341"}],"curies":[{"name":"wp","href":"https:\/\/api.w.org\/{rel}","templated":true}]}}