{"id":2026,"date":"2022-04-26T17:47:58","date_gmt":"2022-04-26T17:47:58","guid":{"rendered":"https:\/\/csdemos.com.ar\/wp\/raicesml\/about-us\/"},"modified":"2023-05-29T19:22:03","modified_gmt":"2023-05-29T19:22:03","slug":"nosotros","status":"publish","type":"page","link":"https:\/\/raicesargentinas.it\/es\/nosotros\/","title":{"rendered":"Nosotros"},"content":{"rendered":"<p>Durante una reuni\u00f3n de amigos, disfrutando de un delicioso asado y buen vino, surgi\u00f3 la idea de compartir nuestra pasi\u00f3n por la cultura argentina con el resto del mundo.<\/p>\n<p>As\u00ed naci\u00f3 Ra\u00edces Argentinas, un proyecto que pretende llevar un pedazo de nuestra querida Argentina a la mesa de todos los compatriotas del mundo, as\u00ed como a los curiosos de nuestras tradiciones.<\/p>\n<p>Con dedicaci\u00f3n y entusiasmo, seleccionamos cuidadosamente productos aut\u00e9nticos y representativos de nuestra tierra. Trabajamos en estrecha colaboraci\u00f3n con productores locales de confianza que comparten nuestro compromiso con la calidad y la autenticidad.<\/p>\n<p>Cada env\u00edo que sale de nuestras manos lleva la esencia de la m\u00fasica de tango, el aroma del mate y la pasi\u00f3n del f\u00fatbol. Nos enorgullece compartir nuestro rico patrimonio cultural y hacer de cada comida una experiencia memorable.<\/p>\n<p>Hoy, Ra\u00edces Argentinas sigue creciendo y llevando el sabor de Argentina a los hogares de todo el mundo. Esta es nuestra historia, una historia de amistad, pasi\u00f3n y el deseo de compartir nuestras ra\u00edces con todos aquellos que buscan una experiencia aut\u00e9ntica.<\/p>\n<p>Acomp\u00e1\u00f1enos en este viaje culinario y descubra los verdaderos sabores de Argentina. Le invitamos a formar parte de nuestra historia y a disfrutar de nuestros productos exclusivos.<\/p>\n","protected":false},"excerpt":{"rendered":"<p>Durante una reuni\u00f3n de amigos, disfrutando de un delicioso asado y buen vino, surgi\u00f3 la idea de compartir nuestra pasi\u00f3n por la cultura argentina con el resto del mundo. As\u00ed naci\u00f3 Ra\u00edces Argentinas, un proyecto que pretende llevar un pedazo de nuestra querida Argentina a la mesa de todos los compatriotas del mundo, as\u00ed como [&hellip;]<\/p>\n","protected":false},"author":1,"featured_media":0,"parent":0,"menu_order":0,"comment_status":"closed","ping_status":"closed","template":"templates\/template-about-us.php","meta":[],"_links":{"self":[{"href":"https:\/\/raicesargentinas.it\/es\/wp-json\/wp\/v2\/pages\/2026"}],"collection":[{"href":"https:\/\/raicesargentinas.it\/es\/wp-json\/wp\/v2\/pages"}],"about":[{"href":"https:\/\/raicesargentinas.it\/es\/wp-json\/wp\/v2\/types\/page"}],"author":[{"embeddable":true,"href":"https:\/\/raicesargentinas.it\/es\/wp-json\/wp\/v2\/users\/1"}],"replies":[{"embeddable":true,"href":"https:\/\/raicesargentinas.it\/es\/wp-json\/wp\/v2\/comments?post=2026"}],"version-history":[{"count":3,"href":"https:\/\/raicesargentinas.it\/es\/wp-json\/wp\/v2\/pages\/2026\/revisions"}],"predecessor-version":[{"id":2910,"href":"https:\/\/raicesargentinas.it\/es\/wp-json\/wp\/v2\/pages\/2026\/revisions\/2910"}],"wp:attachment":[{"href":"https:\/\/raicesargentinas.it\/es\/wp-json\/wp\/v2\/media?parent=2026"}],"curies":[{"name":"wp","href":"https:\/\/api.w.org\/{rel}","templated":true}]}}