{"id":2038,"date":"2022-11-08T14:24:41","date_gmt":"2022-11-08T14:24:41","guid":{"rendered":"https:\/\/csdemos.com.ar\/wp\/raicesml\/data-privacy\/"},"modified":"2023-05-29T21:33:35","modified_gmt":"2023-05-29T21:33:35","slug":"privacidad-de-los-datos","status":"publish","type":"page","link":"https:\/\/raicesargentinas.it\/es\/privacidad-de-los-datos\/","title":{"rendered":"Privacidad de los datos"},"content":{"rendered":"<p><strong>1. Recogida de informaci\u00f3n<\/strong><br \/>\nRecogemos informaci\u00f3n cuando se registra en nuestro sitio, cuando entra en su cuenta y cuando compra.<br \/>\nLa informaci\u00f3n que recogemos incluye su nombre, su direcci\u00f3n de correo electr\u00f3nico y su n\u00famero de tel\u00e9fono.<br \/>\nNunca almacenamos los datos de su tarjeta bancaria en nuestros servidores, estos datos se env\u00edan directamente y de forma segura a nuestro sistema de pago<\/p>\n<p><strong>2. Utilizar la informaci\u00f3n<br \/>\n<\/strong><br \/>\nToda la informaci\u00f3n que recogemos de usted puede utilizarse para<br \/>\n&#8211; Personalizar su experiencia y satisfacer sus necesidades individuales<br \/>\n&#8211; Publicidad personalizada<br \/>\n&#8211; Mejorar nuestro sitio web<br \/>\n&#8211; Mejorar el servicio al cliente y nuestra respuesta a sus necesidades<br \/>\n&#8211; Ponerse en contacto con usted por correo electr\u00f3nico<br \/>\n&#8211; Gestionar juegos, promociones o encuestas<\/p>\n<p><strong>3. Privacidad del comercio electr\u00f3nico<\/strong><\/p>\n<p>Somos los \u00fanicos propietarios de la informaci\u00f3n recogida en este sitio. Sus datos personales no ser\u00e1n vendidos, intercambiados, transferidos, cedidos a otras empresas para ning\u00fan fin, sin su consentimiento, salvo los datos necesarios para satisfacer una necesidad y\/o procesar una transacci\u00f3n, como el env\u00edo de un pedido.<\/p>\n<p><strong>4. Divulgaci\u00f3n a terceros<br \/>\n<\/strong><br \/>\nNo venderemos, intercambiaremos o transferiremos sus datos privados identificables a terceros. Esto no incluye a los terceros de confianza que nos ayudan a operar nuestro sitio web o a llevar a cabo nuestro negocio, siempre que dichos terceros se comprometan a proteger la confidencialidad de estos datos.<br \/>\nCreemos que es necesario compartir esta informaci\u00f3n para realizar encuestas, para prevenir o tomar medidas contra actividades ilegales, sospechas de fraude, situaciones que supongan un riesgo potencial para la seguridad f\u00edsica de las personas, incumplimientos de nuestras condiciones de uso, o cuando as\u00ed lo exija la ley.<br \/>\nSin embargo, la informaci\u00f3n p\u00fablica puede ser compartida con otras partes para fines de marketing, publicidad u otros.<\/p>\n<p><strong>5. Proteger la informaci\u00f3n<br \/>\n<\/strong><br \/>\nTomamos una serie de medidas para proteger la seguridad de sus datos personales. Se utiliza un certificado SSL para todo el proceso de compra e inicio de sesi\u00f3n en la cuenta para proteger los datos sensibles que se transmiten en l\u00ednea. Tambi\u00e9n protegemos sus datos fuera de l\u00ednea. S\u00f3lo los empleados dedicados a actividades espec\u00edficas (por ejemplo, facturaci\u00f3n o servicios al cliente) tienen acceso a los datos personales identificables. Los ordenadores y servidores utilizados para almacenar informaci\u00f3n personal identificable se mantienen en un entorno seguro.<\/p>\n<p><strong>6. Anulaci\u00f3n de la suscripci\u00f3n<br \/>\n<\/strong><br \/>\nUtilizamos la direcci\u00f3n de correo electr\u00f3nico que nos proporciona para enviarle informaci\u00f3n y actualizaciones sobre su pedido, noticias ocasionales sobre la empresa, noticias sobre productos relacionados, etc. Si, en cualquier momento, desea darse de baja y dejar de recibir correos electr\u00f3nicos, al pie de cada correo electr\u00f3nico se incluyen instrucciones detalladas sobre c\u00f3mo darse de baja.<\/p>\n<p><strong>7. Consentimiento<br \/>\n<\/strong><br \/>\nAl utilizar nuestro sitio, usted acepta nuestra pol\u00edtica de privacidad. Puede ponerse en contacto con nosotros en cualquier momento en info@raicesargentinas.ch para eliminar su cuenta o corregir\/cambiar\/eliminar cualquier informaci\u00f3n sobre usted.<\/p>\n<p>Riva San Vitale, 01.01.2022<br \/>\nAtlantic Brands Sagl<br \/>\nVia San Provino 10F<br \/>\n6826 Riva San Vitale<\/p>\n<h2>Resumen de la declaraci\u00f3n sobre protecci\u00f3n de datos<\/h2>\n<p><strong>1. \u00bfQu\u00e9 es el Reglamento General de Protecci\u00f3n de Datos?<\/strong><\/p>\n<p>El GDPR es el nuevo reglamento europeo sobre la protecci\u00f3n de datos personales. El RGPD contiene las disposiciones que regulan el tratamiento de datos personales por parte de las empresas y las autoridades.<br \/>\nEncontrar\u00e1 m\u00e1s informaci\u00f3n en la p\u00e1gina oficial de la Agencia Federal Suiza para la Protecci\u00f3n de Datos y la Transparencia (PFPDT)<\/p>\n<p><strong>2. \u00bfCu\u00e1ndo entra en vigor el nuevo reglamento?<\/strong><br \/>\nEl nuevo GDPR entra en vigor el 25 de mayo de 2018.<\/p>\n<p><strong>3. A qui\u00e9n afecta el GDPR<\/strong><br \/>\nEl RGPD se aplica a todas las empresas que operan en la UE. Sin embargo, las empresas presentes en Suiza y otros pa\u00edses terceros tambi\u00e9n pueden estar sujetas al reglamento.<\/p>\n","protected":false},"excerpt":{"rendered":"<p>1. Recogida de informaci\u00f3n Recogemos informaci\u00f3n cuando se registra en nuestro sitio, cuando entra en su cuenta y cuando compra. La informaci\u00f3n que recogemos incluye su nombre, su direcci\u00f3n de correo electr\u00f3nico y su n\u00famero de tel\u00e9fono. Nunca almacenamos los datos de su tarjeta bancaria en nuestros servidores, estos datos se env\u00edan directamente y de [&hellip;]<\/p>\n","protected":false},"author":1,"featured_media":0,"parent":0,"menu_order":0,"comment_status":"closed","ping_status":"closed","template":"templates\/template-data-privacy.php","meta":[],"_links":{"self":[{"href":"https:\/\/raicesargentinas.it\/es\/wp-json\/wp\/v2\/pages\/2038"}],"collection":[{"href":"https:\/\/raicesargentinas.it\/es\/wp-json\/wp\/v2\/pages"}],"about":[{"href":"https:\/\/raicesargentinas.it\/es\/wp-json\/wp\/v2\/types\/page"}],"author":[{"embeddable":true,"href":"https:\/\/raicesargentinas.it\/es\/wp-json\/wp\/v2\/users\/1"}],"replies":[{"embeddable":true,"href":"https:\/\/raicesargentinas.it\/es\/wp-json\/wp\/v2\/comments?post=2038"}],"version-history":[{"count":3,"href":"https:\/\/raicesargentinas.it\/es\/wp-json\/wp\/v2\/pages\/2038\/revisions"}],"predecessor-version":[{"id":2938,"href":"https:\/\/raicesargentinas.it\/es\/wp-json\/wp\/v2\/pages\/2038\/revisions\/2938"}],"wp:attachment":[{"href":"https:\/\/raicesargentinas.it\/es\/wp-json\/wp\/v2\/media?parent=2038"}],"curies":[{"name":"wp","href":"https:\/\/api.w.org\/{rel}","templated":true}]}}