{"id":2855,"date":"2023-05-29T18:56:10","date_gmt":"2023-05-29T18:56:10","guid":{"rendered":"https:\/\/raicesargentinas.ch\/magazine\/"},"modified":"2023-05-30T14:23:10","modified_gmt":"2023-05-30T14:23:10","slug":"magazine","status":"publish","type":"page","link":"https:\/\/raicesargentinas.it\/es\/magazine\/","title":{"rendered":"Revista"},"content":{"rendered":"<p>Mant\u00e9ngase al d\u00eda de las \u00faltimas noticias, productos y tendencias del sector. Mant\u00e9ngase en contacto suscribi\u00e9ndose a nuestro bolet\u00edn.<\/p>\n","protected":false},"excerpt":{"rendered":"<p>Mant\u00e9ngase al d\u00eda de las \u00faltimas noticias, productos y tendencias del sector. Mant\u00e9ngase en contacto suscribi\u00e9ndose a nuestro bolet\u00edn.<\/p>\n","protected":false},"author":1,"featured_media":0,"parent":0,"menu_order":0,"comment_status":"closed","ping_status":"closed","template":"templates\/template-magazine.php","meta":[],"_links":{"self":[{"href":"https:\/\/raicesargentinas.it\/es\/wp-json\/wp\/v2\/pages\/2855"}],"collection":[{"href":"https:\/\/raicesargentinas.it\/es\/wp-json\/wp\/v2\/pages"}],"about":[{"href":"https:\/\/raicesargentinas.it\/es\/wp-json\/wp\/v2\/types\/page"}],"author":[{"embeddable":true,"href":"https:\/\/raicesargentinas.it\/es\/wp-json\/wp\/v2\/users\/1"}],"replies":[{"embeddable":true,"href":"https:\/\/raicesargentinas.it\/es\/wp-json\/wp\/v2\/comments?post=2855"}],"version-history":[{"count":3,"href":"https:\/\/raicesargentinas.it\/es\/wp-json\/wp\/v2\/pages\/2855\/revisions"}],"predecessor-version":[{"id":2961,"href":"https:\/\/raicesargentinas.it\/es\/wp-json\/wp\/v2\/pages\/2855\/revisions\/2961"}],"wp:attachment":[{"href":"https:\/\/raicesargentinas.it\/es\/wp-json\/wp\/v2\/media?parent=2855"}],"curies":[{"name":"wp","href":"https:\/\/api.w.org\/{rel}","templated":true}]}}