{"id":1651,"date":"2022-04-28T20:26:37","date_gmt":"2022-04-28T20:26:37","guid":{"rendered":"https:\/\/csdemos.com.ar\/wp\/raicesml\/product\/kit-el-bosque\/"},"modified":"2022-12-12T17:06:21","modified_gmt":"2022-12-12T17:06:21","slug":"kit-bosque-gin-nativo","status":"publish","type":"product","link":"https:\/\/raicesargentinas.it\/es\/product\/kit-bosque-gin-nativo\/","title":{"rendered":"KIT BOSQUE GIN NATIVO"},"content":{"rendered":"<p>Un kit de regalo en caja de madera que contiene ginebra Bosque Nativo; un vaso de trago largo elaborado con fino cristal b\u00e1varo de Nachtmann Noblesse; un jigger de bronce de ca\u00f1\u00f3n y an\u00eds estrellado.<\/p>\n","protected":false},"excerpt":{"rendered":"<p>Un kit de regalo en caja de madera que contiene ginebra Bosque Nativo; un vaso de trago largo elaborado con fino cristal b\u00e1varo de Nachtmann Noblesse; un jigger de bronce de ca\u00f1\u00f3n y an\u00eds estrellado.<\/p>\n","protected":false},"featured_media":2672,"template":"","meta":[],"product_cat":[125],"product_tag":[],"_links":{"self":[{"href":"https:\/\/raicesargentinas.it\/es\/wp-json\/wp\/v2\/product\/1651"}],"collection":[{"href":"https:\/\/raicesargentinas.it\/es\/wp-json\/wp\/v2\/product"}],"about":[{"href":"https:\/\/raicesargentinas.it\/es\/wp-json\/wp\/v2\/types\/product"}],"wp:featuredmedia":[{"embeddable":true,"href":"https:\/\/raicesargentinas.it\/es\/wp-json\/wp\/v2\/media\/2672"}],"wp:attachment":[{"href":"https:\/\/raicesargentinas.it\/es\/wp-json\/wp\/v2\/media?parent=1651"}],"wp:term":[{"taxonomy":"product_cat","embeddable":true,"href":"https:\/\/raicesargentinas.it\/es\/wp-json\/wp\/v2\/product_cat?post=1651"},{"taxonomy":"product_tag","embeddable":true,"href":"https:\/\/raicesargentinas.it\/es\/wp-json\/wp\/v2\/product_tag?post=1651"}],"curies":[{"name":"wp","href":"https:\/\/api.w.org\/{rel}","templated":true}]}}