{"id":1669,"date":"2022-04-28T20:28:21","date_gmt":"2022-04-28T20:28:21","guid":{"rendered":"https:\/\/csdemos.com.ar\/wp\/raicesml\/product\/kit-botanico-especies\/"},"modified":"2023-02-08T19:41:09","modified_gmt":"2023-02-08T19:41:09","slug":"kit-bosque-gin-alta-montana","status":"publish","type":"product","link":"https:\/\/raicesargentinas.it\/es\/product\/kit-bosque-gin-alta-montana\/","title":{"rendered":"KIT BOSQUE GIN ALTA MONTA\u00d1A"},"content":{"rendered":"<p>Un kit de regalo en caja de madera que contiene ginebra Bosque Alta Monta\u00f1a, un vaso de trago largo elaborado con fino cristal b\u00e1varo de Nachtmann Noblesse, un jigger gunmetal y an\u00eds estrellado.<\/p>\n","protected":false},"excerpt":{"rendered":"<p>Un kit de regalo en caja de madera que contiene ginebra Bosque Alta Monta\u00f1a, un vaso de trago largo elaborado con fino cristal b\u00e1varo de Nachtmann Noblesse, un jigger gunmetal y an\u00eds estrellado.<\/p>\n","protected":false},"featured_media":1083,"template":"","meta":[],"product_cat":[125],"product_tag":[],"_links":{"self":[{"href":"https:\/\/raicesargentinas.it\/es\/wp-json\/wp\/v2\/product\/1669"}],"collection":[{"href":"https:\/\/raicesargentinas.it\/es\/wp-json\/wp\/v2\/product"}],"about":[{"href":"https:\/\/raicesargentinas.it\/es\/wp-json\/wp\/v2\/types\/product"}],"wp:featuredmedia":[{"embeddable":true,"href":"https:\/\/raicesargentinas.it\/es\/wp-json\/wp\/v2\/media\/1083"}],"wp:attachment":[{"href":"https:\/\/raicesargentinas.it\/es\/wp-json\/wp\/v2\/media?parent=1669"}],"wp:term":[{"taxonomy":"product_cat","embeddable":true,"href":"https:\/\/raicesargentinas.it\/es\/wp-json\/wp\/v2\/product_cat?post=1669"},{"taxonomy":"product_tag","embeddable":true,"href":"https:\/\/raicesargentinas.it\/es\/wp-json\/wp\/v2\/product_tag?post=1669"}],"curies":[{"name":"wp","href":"https:\/\/api.w.org\/{rel}","templated":true}]}}