{"id":1721,"date":"2022-10-25T22:30:19","date_gmt":"2022-10-25T22:30:19","guid":{"rendered":"https:\/\/csdemos.com.ar\/wp\/raicesml\/product\/galletitas-integrales\/"},"modified":"2023-01-31T22:00:31","modified_gmt":"2023-01-31T22:00:31","slug":"galletita-integral-chips-de-chocolate","status":"publish","type":"product","link":"https:\/\/raicesargentinas.it\/es\/product\/galletita-integral-chips-de-chocolate\/","title":{"rendered":"GALLETITA INTEGRAL CHIPS DE CHOCOLATE"},"content":{"rendered":"<p>Alimento 100% integral que a\u00f1ade y utiliza s\u00f3lo ingredientes naturales para conseguir el producto final m\u00e1s delicioso y m\u00e1s saludable. Elaborado con harina 100% integral, avena integral, aceite de girasol alto oleico y endulzado 100% con az\u00facar moreno de ca\u00f1a mascabo.<\/p>\n","protected":false},"excerpt":{"rendered":"<p>Alimento 100% integral que a\u00f1ade y utiliza s\u00f3lo ingredientes naturales para conseguir el producto final m\u00e1s delicioso y m\u00e1s saludable. Elaborado con harina 100% integral, avena integral, aceite de girasol alto oleico y endulzado 100% con az\u00facar moreno de ca\u00f1a mascabo.<\/p>\n","protected":false},"featured_media":2316,"template":"","meta":[],"product_cat":[316,136],"product_tag":[],"_links":{"self":[{"href":"https:\/\/raicesargentinas.it\/es\/wp-json\/wp\/v2\/product\/1721"}],"collection":[{"href":"https:\/\/raicesargentinas.it\/es\/wp-json\/wp\/v2\/product"}],"about":[{"href":"https:\/\/raicesargentinas.it\/es\/wp-json\/wp\/v2\/types\/product"}],"wp:featuredmedia":[{"embeddable":true,"href":"https:\/\/raicesargentinas.it\/es\/wp-json\/wp\/v2\/media\/2316"}],"wp:attachment":[{"href":"https:\/\/raicesargentinas.it\/es\/wp-json\/wp\/v2\/media?parent=1721"}],"wp:term":[{"taxonomy":"product_cat","embeddable":true,"href":"https:\/\/raicesargentinas.it\/es\/wp-json\/wp\/v2\/product_cat?post=1721"},{"taxonomy":"product_tag","embeddable":true,"href":"https:\/\/raicesargentinas.it\/es\/wp-json\/wp\/v2\/product_tag?post=1721"}],"curies":[{"name":"wp","href":"https:\/\/api.w.org\/{rel}","templated":true}]}}