{"id":2135,"date":"2022-11-28T13:50:02","date_gmt":"2022-11-28T13:50:02","guid":{"rendered":"https:\/\/csdemos.com.ar\/wp\/raicesml\/product\/all-natural-cookie-granola-with-rolled-oats-almonds-and-peanuts\/"},"modified":"2023-01-31T21:55:06","modified_gmt":"2023-01-31T21:55:06","slug":"galletita-integral-granola","status":"publish","type":"product","link":"https:\/\/raicesargentinas.it\/es\/product\/galletita-integral-granola\/","title":{"rendered":"GALLETITA INTEGRAL GRANOLA"},"content":{"rendered":"<p>Alimento 100% integral que a\u00f1ade y utiliza s\u00f3lo ingredientes naturales para conseguir el producto final m\u00e1s delicioso y m\u00e1s saludable. Elaborado con harina 100% integral, avena integral, aceite de girasol alto oleico y endulzado 100% con az\u00facar moreno de ca\u00f1a mascabo.<\/p>\n","protected":false},"excerpt":{"rendered":"<p>Alimento 100% integral que a\u00f1ade y utiliza s\u00f3lo ingredientes naturales para conseguir el producto final m\u00e1s delicioso y m\u00e1s saludable. Elaborado con harina 100% integral, avena integral, aceite de girasol alto oleico y endulzado 100% con az\u00facar moreno de ca\u00f1a mascabo.<\/p>\n","protected":false},"featured_media":2311,"template":"","meta":[],"product_cat":[316,136],"product_tag":[],"_links":{"self":[{"href":"https:\/\/raicesargentinas.it\/es\/wp-json\/wp\/v2\/product\/2135"}],"collection":[{"href":"https:\/\/raicesargentinas.it\/es\/wp-json\/wp\/v2\/product"}],"about":[{"href":"https:\/\/raicesargentinas.it\/es\/wp-json\/wp\/v2\/types\/product"}],"wp:featuredmedia":[{"embeddable":true,"href":"https:\/\/raicesargentinas.it\/es\/wp-json\/wp\/v2\/media\/2311"}],"wp:attachment":[{"href":"https:\/\/raicesargentinas.it\/es\/wp-json\/wp\/v2\/media?parent=2135"}],"wp:term":[{"taxonomy":"product_cat","embeddable":true,"href":"https:\/\/raicesargentinas.it\/es\/wp-json\/wp\/v2\/product_cat?post=2135"},{"taxonomy":"product_tag","embeddable":true,"href":"https:\/\/raicesargentinas.it\/es\/wp-json\/wp\/v2\/product_tag?post=2135"}],"curies":[{"name":"wp","href":"https:\/\/api.w.org\/{rel}","templated":true}]}}