{"id":2281,"date":"2022-12-14T16:57:18","date_gmt":"2022-12-14T16:57:18","guid":{"rendered":"https:\/\/csdemos.com.ar\/wp\/raicesml\/product\/kit-double-or-nothing\/"},"modified":"2023-02-08T18:32:56","modified_gmt":"2023-02-08T18:32:56","slug":"kit-double-or-nothing","status":"publish","type":"product","link":"https:\/\/raicesargentinas.it\/es\/product\/kit-double-or-nothing\/","title":{"rendered":"KIT DOUBLE OR NOTHING"},"content":{"rendered":"<p>Un kit de regalo en caja de madera que contiene ginebra Bosque Alta Monta\u00f1a, ginebra Bosque Nativo, un jigger de bronce de ca\u00f1\u00f3n y an\u00eds estrellado.<\/p>\n","protected":false},"excerpt":{"rendered":"<p>Un kit de regalo en caja de madera que contiene ginebra Bosque Alta Monta\u00f1a, ginebra Bosque Nativo, un jigger de bronce de ca\u00f1\u00f3n y an\u00eds estrellado.<\/p>\n","protected":false},"featured_media":2277,"template":"","meta":[],"product_cat":[125],"product_tag":[],"_links":{"self":[{"href":"https:\/\/raicesargentinas.it\/es\/wp-json\/wp\/v2\/product\/2281"}],"collection":[{"href":"https:\/\/raicesargentinas.it\/es\/wp-json\/wp\/v2\/product"}],"about":[{"href":"https:\/\/raicesargentinas.it\/es\/wp-json\/wp\/v2\/types\/product"}],"wp:featuredmedia":[{"embeddable":true,"href":"https:\/\/raicesargentinas.it\/es\/wp-json\/wp\/v2\/media\/2277"}],"wp:attachment":[{"href":"https:\/\/raicesargentinas.it\/es\/wp-json\/wp\/v2\/media?parent=2281"}],"wp:term":[{"taxonomy":"product_cat","embeddable":true,"href":"https:\/\/raicesargentinas.it\/es\/wp-json\/wp\/v2\/product_cat?post=2281"},{"taxonomy":"product_tag","embeddable":true,"href":"https:\/\/raicesargentinas.it\/es\/wp-json\/wp\/v2\/product_tag?post=2281"}],"curies":[{"name":"wp","href":"https:\/\/api.w.org\/{rel}","templated":true}]}}