{"id":3024,"date":"2023-11-04T15:51:06","date_gmt":"2023-11-04T15:51:06","guid":{"rendered":"https:\/\/raicesargentinas.it\/product\/estate-malbec-2021\/"},"modified":"2023-11-04T17:02:47","modified_gmt":"2023-11-04T17:02:47","slug":"estate-malbec-2021","status":"publish","type":"product","link":"https:\/\/raicesargentinas.it\/es\/product\/estate-malbec-2021\/","title":{"rendered":"FINCA &#8211; MALBEC 2021"},"content":{"rendered":"<p>Vino de color rojo rub\u00ed con reflejos viol\u00e1ceos y aromas frutales de ar\u00e1ndano y ciruela. Es un vino redondo y atrevido, pero fresco y opulento gracias a sus taninos dulces y su buena acidez.<\/p>\n","protected":false},"excerpt":{"rendered":"<p>Vino de color rojo rub\u00ed con reflejos viol\u00e1ceos y aromas frutales de ar\u00e1ndano y ciruela. Es un vino redondo y atrevido, pero fresco y opulento gracias a sus taninos dulces y su buena acidez.<\/p>\n","protected":false},"featured_media":3015,"template":"","meta":[],"product_cat":[105,254],"product_tag":[262,110],"_links":{"self":[{"href":"https:\/\/raicesargentinas.it\/es\/wp-json\/wp\/v2\/product\/3024"}],"collection":[{"href":"https:\/\/raicesargentinas.it\/es\/wp-json\/wp\/v2\/product"}],"about":[{"href":"https:\/\/raicesargentinas.it\/es\/wp-json\/wp\/v2\/types\/product"}],"wp:featuredmedia":[{"embeddable":true,"href":"https:\/\/raicesargentinas.it\/es\/wp-json\/wp\/v2\/media\/3015"}],"wp:attachment":[{"href":"https:\/\/raicesargentinas.it\/es\/wp-json\/wp\/v2\/media?parent=3024"}],"wp:term":[{"taxonomy":"product_cat","embeddable":true,"href":"https:\/\/raicesargentinas.it\/es\/wp-json\/wp\/v2\/product_cat?post=3024"},{"taxonomy":"product_tag","embeddable":true,"href":"https:\/\/raicesargentinas.it\/es\/wp-json\/wp\/v2\/product_tag?post=3024"}],"curies":[{"name":"wp","href":"https:\/\/api.w.org\/{rel}","templated":true}]}}