{"id":3054,"date":"2023-11-04T15:59:55","date_gmt":"2023-11-04T15:59:55","guid":{"rendered":"https:\/\/raicesargentinas.it\/product\/reserva-malbec-2018\/"},"modified":"2023-11-04T17:03:35","modified_gmt":"2023-11-04T17:03:35","slug":"reserva-malbec-2018","status":"publish","type":"product","link":"https:\/\/raicesargentinas.it\/es\/product\/reserva-malbec-2018\/","title":{"rendered":"RESERVA &#8211; MALBEC 2018"},"content":{"rendered":"<p>Vino de color rojo rub\u00ed con matices p\u00farpura. Aromas afrutados, como ar\u00e1ndanos y ciruelas, que dan lugar a un bouquet rico y arm\u00f3nico. En boca, presenta una entrada aterciopelada, un postgusto fresco y a la vez bien estructurado debido a sus taninos dulces y su buena acidez.<\/p>\n","protected":false},"excerpt":{"rendered":"<p>Vino de color rojo rub\u00ed con matices p\u00farpura. Aromas afrutados, como ar\u00e1ndanos y ciruelas, que dan lugar a un bouquet rico y arm\u00f3nico. En boca, presenta una entrada aterciopelada, un postgusto fresco y a la vez bien estructurado debido a sus taninos dulces y su buena acidez.<\/p>\n","protected":false},"featured_media":3050,"template":"","meta":[],"product_cat":[105,254],"product_tag":[262,110],"_links":{"self":[{"href":"https:\/\/raicesargentinas.it\/es\/wp-json\/wp\/v2\/product\/3054"}],"collection":[{"href":"https:\/\/raicesargentinas.it\/es\/wp-json\/wp\/v2\/product"}],"about":[{"href":"https:\/\/raicesargentinas.it\/es\/wp-json\/wp\/v2\/types\/product"}],"wp:featuredmedia":[{"embeddable":true,"href":"https:\/\/raicesargentinas.it\/es\/wp-json\/wp\/v2\/media\/3050"}],"wp:attachment":[{"href":"https:\/\/raicesargentinas.it\/es\/wp-json\/wp\/v2\/media?parent=3054"}],"wp:term":[{"taxonomy":"product_cat","embeddable":true,"href":"https:\/\/raicesargentinas.it\/es\/wp-json\/wp\/v2\/product_cat?post=3054"},{"taxonomy":"product_tag","embeddable":true,"href":"https:\/\/raicesargentinas.it\/es\/wp-json\/wp\/v2\/product_tag?post=3054"}],"curies":[{"name":"wp","href":"https:\/\/api.w.org\/{rel}","templated":true}]}}