{"id":3084,"date":"2023-11-04T16:06:53","date_gmt":"2023-11-04T16:06:53","guid":{"rendered":"https:\/\/raicesargentinas.it\/product\/gran-reserva-malbec-2016\/"},"modified":"2023-11-04T17:04:34","modified_gmt":"2023-11-04T17:04:34","slug":"gran-reserva-malbec-2016","status":"publish","type":"product","link":"https:\/\/raicesargentinas.it\/es\/product\/gran-reserva-malbec-2016\/","title":{"rendered":"GRAN RESERVA &#8211; MALBEC 2016"},"content":{"rendered":"<p>Vino tinto de color rojo rub\u00ed intenso con reflejos viol\u00e1ceos. Presenta aromas afrutados como frutas rojas y cerezas maduras. Muy elegante, suave y fresco en boca, tambi\u00e9n muestra una larga persistencia.<\/p>\n","protected":false},"excerpt":{"rendered":"<p>Vino tinto de color rojo rub\u00ed intenso con reflejos viol\u00e1ceos. Presenta aromas afrutados como frutas rojas y cerezas maduras. Muy elegante, suave y fresco en boca, tambi\u00e9n muestra una larga persistencia.<\/p>\n","protected":false},"featured_media":3080,"template":"","meta":[],"product_cat":[105,254],"product_tag":[262,110],"_links":{"self":[{"href":"https:\/\/raicesargentinas.it\/es\/wp-json\/wp\/v2\/product\/3084"}],"collection":[{"href":"https:\/\/raicesargentinas.it\/es\/wp-json\/wp\/v2\/product"}],"about":[{"href":"https:\/\/raicesargentinas.it\/es\/wp-json\/wp\/v2\/types\/product"}],"wp:featuredmedia":[{"embeddable":true,"href":"https:\/\/raicesargentinas.it\/es\/wp-json\/wp\/v2\/media\/3080"}],"wp:attachment":[{"href":"https:\/\/raicesargentinas.it\/es\/wp-json\/wp\/v2\/media?parent=3084"}],"wp:term":[{"taxonomy":"product_cat","embeddable":true,"href":"https:\/\/raicesargentinas.it\/es\/wp-json\/wp\/v2\/product_cat?post=3084"},{"taxonomy":"product_tag","embeddable":true,"href":"https:\/\/raicesargentinas.it\/es\/wp-json\/wp\/v2\/product_tag?post=3084"}],"curies":[{"name":"wp","href":"https:\/\/api.w.org\/{rel}","templated":true}]}}