{"id":3498,"date":"2025-01-31T13:34:10","date_gmt":"2025-01-31T13:34:10","guid":{"rendered":"https:\/\/raicesargentinas.it\/product\/estate-chardonnay\/"},"modified":"2025-02-03T19:35:44","modified_gmt":"2025-02-03T19:35:44","slug":"estate-chardonnay","status":"publish","type":"product","link":"https:\/\/raicesargentinas.it\/es\/product\/estate-chardonnay\/","title":{"rendered":"ESTATE &#8211; CHARDONNAY"},"content":{"rendered":"<p>Vino blanco 100% Chardonnay. Fresco y ligero, de color dorado con reflejos verdosos y aromas a frutas blancas como el pl\u00e1tano y la pera, y c\u00edtricos como la lima, acompa\u00f1ados de algunas notas minerales. En boca es delicado y equilibrado.<\/p>\n","protected":false},"excerpt":{"rendered":"<p>Vino blanco 100% Chardonnay. Fresco y ligero, de color dorado con reflejos verdosos y aromas a frutas blancas como el pl\u00e1tano y la pera, y c\u00edtricos como la lima, acompa\u00f1ados de algunas notas minerales. En boca es delicado y equilibrado.<\/p>\n","protected":false},"featured_media":3482,"template":"","meta":[],"product_cat":[105,254],"product_tag":[],"_links":{"self":[{"href":"https:\/\/raicesargentinas.it\/es\/wp-json\/wp\/v2\/product\/3498"}],"collection":[{"href":"https:\/\/raicesargentinas.it\/es\/wp-json\/wp\/v2\/product"}],"about":[{"href":"https:\/\/raicesargentinas.it\/es\/wp-json\/wp\/v2\/types\/product"}],"wp:featuredmedia":[{"embeddable":true,"href":"https:\/\/raicesargentinas.it\/es\/wp-json\/wp\/v2\/media\/3482"}],"wp:attachment":[{"href":"https:\/\/raicesargentinas.it\/es\/wp-json\/wp\/v2\/media?parent=3498"}],"wp:term":[{"taxonomy":"product_cat","embeddable":true,"href":"https:\/\/raicesargentinas.it\/es\/wp-json\/wp\/v2\/product_cat?post=3498"},{"taxonomy":"product_tag","embeddable":true,"href":"https:\/\/raicesargentinas.it\/es\/wp-json\/wp\/v2\/product_tag?post=3498"}],"curies":[{"name":"wp","href":"https:\/\/api.w.org\/{rel}","templated":true}]}}