{"id":3523,"date":"2025-01-31T13:43:13","date_gmt":"2025-01-31T13:43:13","guid":{"rendered":"https:\/\/raicesargentinas.it\/product\/gran-reserva-pinot-noir\/"},"modified":"2025-02-03T19:40:01","modified_gmt":"2025-02-03T19:40:01","slug":"gran-reserva-pinot-noir","status":"publish","type":"product","link":"https:\/\/raicesargentinas.it\/es\/product\/gran-reserva-pinot-noir\/","title":{"rendered":"GRAN RESERVA &#8211; PINOT NOIR"},"content":{"rendered":"<p>Vino tinto 100% Pinot Noir. Selecci\u00f3n manual de racimos. El 95% de los racimos se despalillan y el 5% restante permanece con los raspones. Maceraci\u00f3n durante 18 d\u00edas aproximadamente. Fermentaci\u00f3n alcoh\u00f3lica con levaduras aut\u00f3ctonas a una temperatura entre 18 y 15\u00b0C. Descubra las barricas de roble franc\u00e9s. Fermentaci\u00f3n malol\u00e1ctica. 12 meses de afinamiento en barricas y posterior fraccionamiento.<\/p>\n","protected":false},"excerpt":{"rendered":"<p>Vino tinto 100% Pinot Noir. Selecci\u00f3n manual de racimos. El 95% de los racimos se despalillan y el 5% restante permanece con los raspones. Maceraci\u00f3n durante 18 d\u00edas aproximadamente. Fermentaci\u00f3n alcoh\u00f3lica con levaduras aut\u00f3ctonas a una temperatura entre 18 y 15\u00b0C. Descubra las barricas de roble franc\u00e9s. Fermentaci\u00f3n malol\u00e1ctica. 12 meses de afinamiento en barricas [&hellip;]<\/p>\n","protected":false},"featured_media":3487,"template":"","meta":[],"product_cat":[105,254],"product_tag":[],"_links":{"self":[{"href":"https:\/\/raicesargentinas.it\/es\/wp-json\/wp\/v2\/product\/3523"}],"collection":[{"href":"https:\/\/raicesargentinas.it\/es\/wp-json\/wp\/v2\/product"}],"about":[{"href":"https:\/\/raicesargentinas.it\/es\/wp-json\/wp\/v2\/types\/product"}],"wp:featuredmedia":[{"embeddable":true,"href":"https:\/\/raicesargentinas.it\/es\/wp-json\/wp\/v2\/media\/3487"}],"wp:attachment":[{"href":"https:\/\/raicesargentinas.it\/es\/wp-json\/wp\/v2\/media?parent=3523"}],"wp:term":[{"taxonomy":"product_cat","embeddable":true,"href":"https:\/\/raicesargentinas.it\/es\/wp-json\/wp\/v2\/product_cat?post=3523"},{"taxonomy":"product_tag","embeddable":true,"href":"https:\/\/raicesargentinas.it\/es\/wp-json\/wp\/v2\/product_tag?post=3523"}],"curies":[{"name":"wp","href":"https:\/\/api.w.org\/{rel}","templated":true}]}}