{"id":1347,"date":"2022-04-26T17:36:21","date_gmt":"2022-04-26T17:36:21","guid":{"rendered":"https:\/\/csdemos.com.ar\/wp\/raicesml\/accueil\/"},"modified":"2023-05-29T20:43:31","modified_gmt":"2023-05-29T20:43:31","slug":"accueil","status":"publish","type":"page","link":"https:\/\/raicesargentinas.it\/fr\/","title":{"rendered":"Accueil"},"content":{"rendered":"<p>D\u00e9couvrez <strong>Raices Argentinas<\/strong>, o\u00f9 passion et exclusivit\u00e9 se rejoignent. N\u00e9e d&rsquo;une amiti\u00e9 de plus de 25 ans entre trois amis, notre objectif est de partager la passion et l&rsquo;identit\u00e9 de l&rsquo;Argentine avec le monde entier \u00e0 travers des produits locaux exclusifs qui nous repr\u00e9sentent.<\/p>\n<p>Plongez dans la richesse de notre culture et savourez les saveurs authentiques qui d\u00e9finissent notre nation. Notre s\u00e9lection soigneusement \u00e9labor\u00e9e met en valeur le meilleur de notre patrimoine, en garantissant la qualit\u00e9 et l&rsquo;authenticit\u00e9.<\/p>\n<p>Que vous soyez un connaisseur, un aventurier ou simplement curieux de d\u00e9couvrir l&rsquo;attrait de l&rsquo;Argentine, <strong>Raices Argentinas<\/strong> a quelque chose de sp\u00e9cial pour chacun. Laissez-nous vous ouvrir les portes d&rsquo;un monde de saveurs extraordinaires et de moments inoubliables.<\/p>\n","protected":false},"excerpt":{"rendered":"<p>D\u00e9couvrez Raices Argentinas, o\u00f9 passion et exclusivit\u00e9 se rejoignent. N\u00e9e d&rsquo;une amiti\u00e9 de plus de 25 ans entre trois amis, notre objectif est de partager la passion et l&rsquo;identit\u00e9 de l&rsquo;Argentine avec le monde entier \u00e0 travers des produits locaux exclusifs qui nous repr\u00e9sentent. Plongez dans la richesse de notre culture et savourez les saveurs [&hellip;]<\/p>\n","protected":false},"author":1,"featured_media":0,"parent":0,"menu_order":0,"comment_status":"closed","ping_status":"closed","template":"","meta":[],"_links":{"self":[{"href":"https:\/\/raicesargentinas.it\/fr\/wp-json\/wp\/v2\/pages\/1347"}],"collection":[{"href":"https:\/\/raicesargentinas.it\/fr\/wp-json\/wp\/v2\/pages"}],"about":[{"href":"https:\/\/raicesargentinas.it\/fr\/wp-json\/wp\/v2\/types\/page"}],"author":[{"embeddable":true,"href":"https:\/\/raicesargentinas.it\/fr\/wp-json\/wp\/v2\/users\/1"}],"replies":[{"embeddable":true,"href":"https:\/\/raicesargentinas.it\/fr\/wp-json\/wp\/v2\/comments?post=1347"}],"version-history":[{"count":2,"href":"https:\/\/raicesargentinas.it\/fr\/wp-json\/wp\/v2\/pages\/1347\/revisions"}],"predecessor-version":[{"id":2919,"href":"https:\/\/raicesargentinas.it\/fr\/wp-json\/wp\/v2\/pages\/1347\/revisions\/2919"}],"wp:attachment":[{"href":"https:\/\/raicesargentinas.it\/fr\/wp-json\/wp\/v2\/media?parent=1347"}],"curies":[{"name":"wp","href":"https:\/\/api.w.org\/{rel}","templated":true}]}}