{"id":1374,"date":"2022-04-26T17:47:58","date_gmt":"2022-04-26T17:47:58","guid":{"rendered":"https:\/\/csdemos.com.ar\/wp\/raicesml\/a-propos-de-nous\/"},"modified":"2023-05-29T19:23:06","modified_gmt":"2023-05-29T19:23:06","slug":"qui-sommes-nous","status":"publish","type":"page","link":"https:\/\/raicesargentinas.it\/fr\/qui-sommes-nous\/","title":{"rendered":"A propos de nous"},"content":{"rendered":"<p>C&rsquo;est au cours d&rsquo;une r\u00e9union d&rsquo;amis, autour d&rsquo;un d\u00e9licieux asado et d&rsquo;un bon vin, qu&rsquo;est n\u00e9e l&rsquo;id\u00e9e de partager notre passion pour la culture argentine avec le reste du monde.<\/p>\n<p>C&rsquo;est ainsi qu&rsquo;est n\u00e9 Ra\u00edces Argentinas, un projet qui vise \u00e0 apporter un morceau de notre Argentine bien-aim\u00e9e \u00e0 la table de tous nos compatriotes du monde entier, ainsi qu&rsquo;\u00e0 ceux qui sont curieux de nos traditions.<\/p>\n<p>Avec d\u00e9vouement et enthousiasme, nous s\u00e9lectionnons avec soin des produits authentiques et repr\u00e9sentatifs de notre terroir. Nous travaillons en \u00e9troite collaboration avec des producteurs locaux de confiance qui partagent notre engagement en faveur de la qualit\u00e9 et de l&rsquo;authenticit\u00e9.<\/p>\n<p>Chaque envoi qui quitte nos mains porte l&rsquo;essence de la musique tango, l&rsquo;ar\u00f4me du mat\u00e9 et la passion du football. Nous sommes fiers de partager notre riche patrimoine culturel et de faire de chaque repas une exp\u00e9rience m\u00e9morable.<\/p>\n<p>Aujourd&rsquo;hui, Ra\u00edces Argentinas continue de se d\u00e9velopper et d&rsquo;apporter un go\u00fbt d&rsquo;Argentine dans les foyers du monde entier. C&rsquo;est notre histoire, une histoire d&rsquo;amiti\u00e9, de passion et de d\u00e9sir de partager nos racines avec tous ceux qui recherchent une exp\u00e9rience authentique.<\/p>\n<p>Rejoignez-nous pour ce voyage culinaire et d\u00e9couvrez les v\u00e9ritables saveurs de l&rsquo;Argentine. Nous vous invitons \u00e0 faire partie de notre histoire et \u00e0 profiter de nos produits exclusifs !<\/p>\n","protected":false},"excerpt":{"rendered":"<p>C&rsquo;est au cours d&rsquo;une r\u00e9union d&rsquo;amis, autour d&rsquo;un d\u00e9licieux asado et d&rsquo;un bon vin, qu&rsquo;est n\u00e9e l&rsquo;id\u00e9e de partager notre passion pour la culture argentine avec le reste du monde. C&rsquo;est ainsi qu&rsquo;est n\u00e9 Ra\u00edces Argentinas, un projet qui vise \u00e0 apporter un morceau de notre Argentine bien-aim\u00e9e \u00e0 la table de tous nos compatriotes [&hellip;]<\/p>\n","protected":false},"author":1,"featured_media":0,"parent":0,"menu_order":0,"comment_status":"closed","ping_status":"closed","template":"templates\/template-about-us.php","meta":[],"_links":{"self":[{"href":"https:\/\/raicesargentinas.it\/fr\/wp-json\/wp\/v2\/pages\/1374"}],"collection":[{"href":"https:\/\/raicesargentinas.it\/fr\/wp-json\/wp\/v2\/pages"}],"about":[{"href":"https:\/\/raicesargentinas.it\/fr\/wp-json\/wp\/v2\/types\/page"}],"author":[{"embeddable":true,"href":"https:\/\/raicesargentinas.it\/fr\/wp-json\/wp\/v2\/users\/1"}],"replies":[{"embeddable":true,"href":"https:\/\/raicesargentinas.it\/fr\/wp-json\/wp\/v2\/comments?post=1374"}],"version-history":[{"count":4,"href":"https:\/\/raicesargentinas.it\/fr\/wp-json\/wp\/v2\/pages\/1374\/revisions"}],"predecessor-version":[{"id":2907,"href":"https:\/\/raicesargentinas.it\/fr\/wp-json\/wp\/v2\/pages\/1374\/revisions\/2907"}],"wp:attachment":[{"href":"https:\/\/raicesargentinas.it\/fr\/wp-json\/wp\/v2\/media?parent=1374"}],"curies":[{"name":"wp","href":"https:\/\/api.w.org\/{rel}","templated":true}]}}