{"id":2035,"date":"2022-11-08T14:24:41","date_gmt":"2022-11-08T14:24:41","guid":{"rendered":"https:\/\/csdemos.com.ar\/wp\/raicesml\/data-privacy-2\/"},"modified":"2023-05-29T21:32:50","modified_gmt":"2023-05-29T21:32:50","slug":"confidentialite-des-donnees","status":"publish","type":"page","link":"https:\/\/raicesargentinas.it\/fr\/confidentialite-des-donnees\/","title":{"rendered":"Confidentialit\u00e9 des donn\u00e9es"},"content":{"rendered":"<p><strong>1. Collecte d&rsquo;informations<\/strong><br \/>\nNous recueillons des informations lorsque vous vous inscrivez sur notre site, lorsque vous vous connectez \u00e0 votre compte et lorsque vous effectuez des achats.<br \/>\nLes informations que nous recueillons comprennent votre nom, votre adresse \u00e9lectronique et votre num\u00e9ro de t\u00e9l\u00e9phone.<br \/>\nNous ne stockons jamais les donn\u00e9es de votre carte bancaire sur nos serveurs, ces donn\u00e9es sont envoy\u00e9es directement et en toute s\u00e9curit\u00e9 \u00e0 notre syst\u00e8me de paiement.<\/p>\n<p><strong>2. Utilisation de l&rsquo;information<br \/>\n<\/strong><br \/>\nToutes les informations que nous recueillons aupr\u00e8s de vous peuvent \u00eatre utilis\u00e9es pour :<br \/>\n&#8211; Personnaliser votre exp\u00e9rience et r\u00e9pondre \u00e0 vos besoins individuels<br \/>\n&#8211; Proposer des publicit\u00e9s personnalis\u00e9es<br \/>\n&#8211; Am\u00e9liorer notre site web<br \/>\n&#8211; Am\u00e9liorer le service \u00e0 la client\u00e8le et notre r\u00e9ponse \u00e0 vos besoins<br \/>\n&#8211; Vous contacter par courrier \u00e9lectronique<br \/>\n&#8211; G\u00e9rer des jeux, des promotions ou des enqu\u00eates<\/p>\n<p><strong>3. Confidentialit\u00e9 du commerce \u00e9lectronique<\/strong><\/p>\n<p>Nous sommes les seuls propri\u00e9taires des informations collect\u00e9es sur ce site. Vos donn\u00e9es personnelles ne seront pas vendues, \u00e9chang\u00e9es, transf\u00e9r\u00e9es, c\u00e9d\u00e9es \u00e0 d&rsquo;autres soci\u00e9t\u00e9s \u00e0 quelque fin que ce soit, sans votre consentement, \u00e0 l&rsquo;exception des donn\u00e9es n\u00e9cessaires pour r\u00e9pondre \u00e0 un besoin et\/ou traiter une transaction, telle que l&rsquo;exp\u00e9dition d&rsquo;une commande.<\/p>\n<p><strong>4. Divulgation \u00e0 des tiers<br \/>\n<\/strong><br \/>\nNous ne vendrons, n&rsquo;\u00e9changerons ni ne transf\u00e9rerons vos donn\u00e9es priv\u00e9es identifiables \u00e0 des tiers. Cela n&rsquo;inclut pas les tiers de confiance qui nous aident \u00e0 exploiter notre site web ou \u00e0 mener nos activit\u00e9s, \u00e0 condition que lesdits tiers acceptent de prot\u00e9ger la confidentialit\u00e9 de ces donn\u00e9es.<br \/>\nNous estimons qu&rsquo;il est n\u00e9cessaire de partager ces informations pour mener des enqu\u00eates, pour pr\u00e9venir ou prendre des mesures contre des activit\u00e9s ill\u00e9gales, des suspicions de fraude, des situations pr\u00e9sentant des risques potentiels pour la s\u00e9curit\u00e9 physique des personnes, des violations de nos conditions d&rsquo;utilisation, ou lorsque la loi l&rsquo;exige.<br \/>\nToutefois, les informations publiques peuvent \u00eatre communiqu\u00e9es \u00e0 d&rsquo;autres parties \u00e0 des fins de marketing, de publicit\u00e9 ou autres.<\/p>\n<p><strong>5. Protection de l&rsquo;information<br \/>\n<\/strong><br \/>\nNous prenons une s\u00e9rie de mesures pour prot\u00e9ger la s\u00e9curit\u00e9 de vos donn\u00e9es personnelles. Un certificat SSL est utilis\u00e9 pour l&rsquo;ensemble des processus d&rsquo;achat et de connexion au compte afin de prot\u00e9ger les donn\u00e9es sensibles transmises en ligne. Nous prot\u00e9geons \u00e9galement vos donn\u00e9es hors ligne. Seuls les employ\u00e9s engag\u00e9s dans des activit\u00e9s sp\u00e9cifiques (par exemple, la facturation ou les services \u00e0 la client\u00e8le) ont acc\u00e8s aux donn\u00e9es personnelles identifiables. Les ordinateurs et les serveurs utilis\u00e9s pour stocker les informations personnelles identifiables sont conserv\u00e9s dans un environnement s\u00e9curis\u00e9.<\/p>\n<p><strong>6. D\u00e9sabonnement<br \/>\n<\/strong><br \/>\nNous utilisons l&rsquo;adresse \u00e9lectronique que vous nous fournissez pour vous envoyer des informations et des mises \u00e0 jour concernant votre commande, des nouvelles occasionnelles sur l&rsquo;entreprise, des nouvelles sur des produits connexes, etc. Si, \u00e0 tout moment, vous souhaitez vous d\u00e9sinscrire et ne plus recevoir d&rsquo;e-mails, des instructions d\u00e9taill\u00e9es sur la mani\u00e8re de se d\u00e9sinscrire sont incluses au bas de chaque e-mail.<\/p>\n<p><strong>7. Consentement<br \/>\n<\/strong><br \/>\nEn utilisant notre site, vous acceptez notre politique de confidentialit\u00e9. Vous pouvez nous contacter \u00e0 tout moment \u00e0 l&rsquo;adresse info@raicesargentinas.ch pour supprimer votre compte ou corriger\/modifier\/supprimer toute information vous concernant.<\/p>\n<p>Riva San Vitale, 01.01.2022<br \/>\nAtlantic Brands Sagl<br \/>\nVia San Provino 10F<br \/>\n6826 Riva San Vitale<\/p>\n<h2>R\u00e9sum\u00e9 de la d\u00e9claration sur la protection des donn\u00e9es<\/h2>\n<p><strong>1. Qu&rsquo;est-ce que le r\u00e8glement g\u00e9n\u00e9ral sur la protection des donn\u00e9es ?<\/strong><\/p>\n<p>Le GDPR est le nouveau r\u00e8glement europ\u00e9en sur la protection des donn\u00e9es personnelles. Le GDPR contient les dispositions r\u00e9gissant le traitement des donn\u00e9es personnelles par les entreprises et les autorit\u00e9s.<br \/>\nDe plus amples informations sont disponibles sur la page officielle de l&rsquo;Agence f\u00e9d\u00e9rale suisse pour la protection des donn\u00e9es et la transparence (PFPDT).<\/p>\n<p><strong>2. Quand le nouveau r\u00e8glement entre-t-il en vigueur ?<\/strong><br \/>\nLe nouveau GDPR entre en vigueur le 25 mai 2018.<\/p>\n<p><strong>3. Qui est concern\u00e9 par le GDPR ?<\/strong><br \/>\nLe GDPR s&rsquo;applique \u00e0 toutes les entreprises op\u00e9rant dans l&rsquo;UE. Toutefois, les entreprises pr\u00e9sentes en Suisse et dans d&rsquo;autres pays tiers peuvent \u00e9galement \u00eatre soumises au r\u00e8glement.<\/p>\n","protected":false},"excerpt":{"rendered":"<p>1. Collecte d&rsquo;informations Nous recueillons des informations lorsque vous vous inscrivez sur notre site, lorsque vous vous connectez \u00e0 votre compte et lorsque vous effectuez des achats. Les informations que nous recueillons comprennent votre nom, votre adresse \u00e9lectronique et votre num\u00e9ro de t\u00e9l\u00e9phone. Nous ne stockons jamais les donn\u00e9es de votre carte bancaire sur nos [&hellip;]<\/p>\n","protected":false},"author":1,"featured_media":0,"parent":0,"menu_order":0,"comment_status":"closed","ping_status":"closed","template":"templates\/template-data-privacy.php","meta":[],"_links":{"self":[{"href":"https:\/\/raicesargentinas.it\/fr\/wp-json\/wp\/v2\/pages\/2035"}],"collection":[{"href":"https:\/\/raicesargentinas.it\/fr\/wp-json\/wp\/v2\/pages"}],"about":[{"href":"https:\/\/raicesargentinas.it\/fr\/wp-json\/wp\/v2\/types\/page"}],"author":[{"embeddable":true,"href":"https:\/\/raicesargentinas.it\/fr\/wp-json\/wp\/v2\/users\/1"}],"replies":[{"embeddable":true,"href":"https:\/\/raicesargentinas.it\/fr\/wp-json\/wp\/v2\/comments?post=2035"}],"version-history":[{"count":2,"href":"https:\/\/raicesargentinas.it\/fr\/wp-json\/wp\/v2\/pages\/2035\/revisions"}],"predecessor-version":[{"id":2935,"href":"https:\/\/raicesargentinas.it\/fr\/wp-json\/wp\/v2\/pages\/2035\/revisions\/2935"}],"wp:attachment":[{"href":"https:\/\/raicesargentinas.it\/fr\/wp-json\/wp\/v2\/media?parent=2035"}],"curies":[{"name":"wp","href":"https:\/\/api.w.org\/{rel}","templated":true}]}}