{"id":1638,"date":"2022-04-28T20:22:41","date_gmt":"2022-04-28T20:22:41","guid":{"rendered":"https:\/\/csdemos.com.ar\/wp\/raicesml\/product\/bosque-gin\/"},"modified":"2023-01-13T16:55:18","modified_gmt":"2023-01-13T16:55:18","slug":"gin-bosque-nativo","status":"publish","type":"product","link":"https:\/\/raicesargentinas.it\/fr\/product\/gin-bosque-nativo\/","title":{"rendered":"GIN BOSQUE NATIVO"},"content":{"rendered":"<p>Gin de la for\u00eat Bouteille 500cc Fabriqu\u00e9 avec du gen\u00e9vrier sauvage de Patagonie<\/p>\n","protected":false},"excerpt":{"rendered":"<p>Gin de la for\u00eat Bouteille 500cc Fabriqu\u00e9 avec du gen\u00e9vrier sauvage de Patagonie<\/p>\n","protected":false},"featured_media":3680,"template":"","meta":[],"product_cat":[112],"product_tag":[],"_links":{"self":[{"href":"https:\/\/raicesargentinas.it\/fr\/wp-json\/wp\/v2\/product\/1638"}],"collection":[{"href":"https:\/\/raicesargentinas.it\/fr\/wp-json\/wp\/v2\/product"}],"about":[{"href":"https:\/\/raicesargentinas.it\/fr\/wp-json\/wp\/v2\/types\/product"}],"wp:featuredmedia":[{"embeddable":true,"href":"https:\/\/raicesargentinas.it\/fr\/wp-json\/wp\/v2\/media\/3680"}],"wp:attachment":[{"href":"https:\/\/raicesargentinas.it\/fr\/wp-json\/wp\/v2\/media?parent=1638"}],"wp:term":[{"taxonomy":"product_cat","embeddable":true,"href":"https:\/\/raicesargentinas.it\/fr\/wp-json\/wp\/v2\/product_cat?post=1638"},{"taxonomy":"product_tag","embeddable":true,"href":"https:\/\/raicesargentinas.it\/fr\/wp-json\/wp\/v2\/product_tag?post=1638"}],"curies":[{"name":"wp","href":"https:\/\/api.w.org\/{rel}","templated":true}]}}