{"id":1642,"date":"2022-04-27T01:41:24","date_gmt":"2022-04-27T01:41:24","guid":{"rendered":"https:\/\/csdemos.com.ar\/wp\/raicesml\/product\/parcelas-originales-sangiovese\/"},"modified":"2023-01-13T14:11:20","modified_gmt":"2023-01-13T14:11:20","slug":"alfredo-roca-parcelas-originales-sangiovese","status":"publish","type":"product","link":"https:\/\/raicesargentinas.it\/fr\/product\/alfredo-roca-parcelas-originales-sangiovese\/","title":{"rendered":"ALFREDO ROCA &#8211; PARCELAS ORIGINALES SANGIOVESE"},"content":{"rendered":"<p>D&rsquo;une grande complexit\u00e9 et d&rsquo;un grand caract\u00e8re ; avec une texture agr\u00e9able ; une acidit\u00e9 pr\u00e9sente et des tanins pleins. Avec des ar\u00f4mes floraux rappelant la violette et les fruits secs.<\/p>\n","protected":false},"excerpt":{"rendered":"<p>D&rsquo;une grande complexit\u00e9 et d&rsquo;un grand caract\u00e8re ; avec une texture agr\u00e9able ; une acidit\u00e9 pr\u00e9sente et des tanins pleins. Avec des ar\u00f4mes floraux rappelant la violette et les fruits secs.<\/p>\n","protected":false},"featured_media":588,"template":"","meta":[],"product_cat":[114,115],"product_tag":[116,117,118],"_links":{"self":[{"href":"https:\/\/raicesargentinas.it\/fr\/wp-json\/wp\/v2\/product\/1642"}],"collection":[{"href":"https:\/\/raicesargentinas.it\/fr\/wp-json\/wp\/v2\/product"}],"about":[{"href":"https:\/\/raicesargentinas.it\/fr\/wp-json\/wp\/v2\/types\/product"}],"wp:featuredmedia":[{"embeddable":true,"href":"https:\/\/raicesargentinas.it\/fr\/wp-json\/wp\/v2\/media\/588"}],"wp:attachment":[{"href":"https:\/\/raicesargentinas.it\/fr\/wp-json\/wp\/v2\/media?parent=1642"}],"wp:term":[{"taxonomy":"product_cat","embeddable":true,"href":"https:\/\/raicesargentinas.it\/fr\/wp-json\/wp\/v2\/product_cat?post=1642"},{"taxonomy":"product_tag","embeddable":true,"href":"https:\/\/raicesargentinas.it\/fr\/wp-json\/wp\/v2\/product_tag?post=1642"}],"curies":[{"name":"wp","href":"https:\/\/api.w.org\/{rel}","templated":true}]}}