{"id":1648,"date":"2022-04-26T16:34:11","date_gmt":"2022-04-26T16:34:11","guid":{"rendered":"https:\/\/csdemos.com.ar\/wp\/raicesml\/product\/roca-malbec-merlot\/"},"modified":"2023-01-13T14:11:47","modified_gmt":"2023-01-13T14:11:47","slug":"alfredo-roca-malbec-merlot-750-ml","status":"publish","type":"product","link":"https:\/\/raicesargentinas.it\/fr\/product\/alfredo-roca-malbec-merlot-750-ml\/","title":{"rendered":"ALFREDO ROCA &#8211; MALBEC &#8211; MERLOT 750 ML"},"content":{"rendered":"<p>Couleur rouge vif ; avec des ar\u00f4mes de prunes et de fruits rouges. L&rsquo;apport des tanins doux du Malbec ajout\u00e9 \u00e0 la d\u00e9licatesse du Merlot ; r\u00e9sulte en un vin \u00e9l\u00e9gant et intense.<\/p>\n","protected":false},"excerpt":{"rendered":"<p>Couleur rouge vif ; avec des ar\u00f4mes de prunes et de fruits rouges. L&rsquo;apport des tanins doux du Malbec ajout\u00e9 \u00e0 la d\u00e9licatesse du Merlot ; r\u00e9sulte en un vin \u00e9l\u00e9gant et intense.<\/p>\n","protected":false},"featured_media":584,"template":"","meta":[],"product_cat":[114,115],"product_tag":[],"_links":{"self":[{"href":"https:\/\/raicesargentinas.it\/fr\/wp-json\/wp\/v2\/product\/1648"}],"collection":[{"href":"https:\/\/raicesargentinas.it\/fr\/wp-json\/wp\/v2\/product"}],"about":[{"href":"https:\/\/raicesargentinas.it\/fr\/wp-json\/wp\/v2\/types\/product"}],"wp:featuredmedia":[{"embeddable":true,"href":"https:\/\/raicesargentinas.it\/fr\/wp-json\/wp\/v2\/media\/584"}],"wp:attachment":[{"href":"https:\/\/raicesargentinas.it\/fr\/wp-json\/wp\/v2\/media?parent=1648"}],"wp:term":[{"taxonomy":"product_cat","embeddable":true,"href":"https:\/\/raicesargentinas.it\/fr\/wp-json\/wp\/v2\/product_cat?post=1648"},{"taxonomy":"product_tag","embeddable":true,"href":"https:\/\/raicesargentinas.it\/fr\/wp-json\/wp\/v2\/product_tag?post=1648"}],"curies":[{"name":"wp","href":"https:\/\/api.w.org\/{rel}","templated":true}]}}