{"id":1657,"date":"2022-04-28T20:26:37","date_gmt":"2022-04-28T20:26:37","guid":{"rendered":"https:\/\/csdemos.com.ar\/wp\/raicesml\/product\/kit-el-bosque\/"},"modified":"2022-12-12T17:04:46","modified_gmt":"2022-12-12T17:04:46","slug":"kit-bosque-gin-nativo","status":"publish","type":"product","link":"https:\/\/raicesargentinas.it\/fr\/product\/kit-bosque-gin-nativo\/","title":{"rendered":"KIT BOSQUE GIN NATIVO"},"content":{"rendered":"<p>Coffret cadeau dans un coffret en bois contenant du gin Bosque Nativo; un verre \u00e0 long drink en cristal bavarois fin de Nachtmann Noblesse et un jigger en bronze et anis \u00e9toil\u00e9.<\/p>\n","protected":false},"excerpt":{"rendered":"<p>Coffret cadeau dans un coffret en bois contenant du gin Bosque Nativo; un verre \u00e0 long drink en cristal bavarois fin de Nachtmann Noblesse et un jigger en bronze et anis \u00e9toil\u00e9.<\/p>\n","protected":false},"featured_media":2669,"template":"","meta":[],"product_cat":[112],"product_tag":[],"_links":{"self":[{"href":"https:\/\/raicesargentinas.it\/fr\/wp-json\/wp\/v2\/product\/1657"}],"collection":[{"href":"https:\/\/raicesargentinas.it\/fr\/wp-json\/wp\/v2\/product"}],"about":[{"href":"https:\/\/raicesargentinas.it\/fr\/wp-json\/wp\/v2\/types\/product"}],"wp:featuredmedia":[{"embeddable":true,"href":"https:\/\/raicesargentinas.it\/fr\/wp-json\/wp\/v2\/media\/2669"}],"wp:attachment":[{"href":"https:\/\/raicesargentinas.it\/fr\/wp-json\/wp\/v2\/media?parent=1657"}],"wp:term":[{"taxonomy":"product_cat","embeddable":true,"href":"https:\/\/raicesargentinas.it\/fr\/wp-json\/wp\/v2\/product_cat?post=1657"},{"taxonomy":"product_tag","embeddable":true,"href":"https:\/\/raicesargentinas.it\/fr\/wp-json\/wp\/v2\/product_tag?post=1657"}],"curies":[{"name":"wp","href":"https:\/\/api.w.org\/{rel}","templated":true}]}}