{"id":1670,"date":"2022-04-28T20:29:55","date_gmt":"2022-04-28T20:29:55","guid":{"rendered":"https:\/\/csdemos.com.ar\/wp\/raicesml\/product\/bouteille-el-bosque-etui\/"},"modified":"2022-12-12T17:37:32","modified_gmt":"2022-12-12T17:37:32","slug":"kit-botanicos","status":"publish","type":"product","link":"https:\/\/raicesargentinas.it\/fr\/product\/kit-botanicos\/","title":{"rendered":"KIT BOTANICOS"},"content":{"rendered":"<p>Coffret en bois inspir\u00e9 des for\u00eats de Patagonie et de leur biodiversit\u00e9, \u00ab Gin Bosque \u00bb tente de nous connecter avec la nature \u00e0 travers les ar\u00f4mes et les saveurs de ses plantes. Cet ensemble contient 6 bo\u00eetes de gen\u00e9vrier, cardamome, anis, rose, pamplemousse, hibiscus.<\/p>\n","protected":false},"excerpt":{"rendered":"<p>Coffret en bois inspir\u00e9 des for\u00eats de Patagonie et de leur biodiversit\u00e9, \u00ab Gin Bosque \u00bb tente de nous connecter avec la nature \u00e0 travers les ar\u00f4mes et les saveurs de ses plantes. Cet ensemble contient 6 bo\u00eetes de gen\u00e9vrier, cardamome, anis, rose, pamplemousse, hibiscus.<\/p>\n","protected":false},"featured_media":2674,"template":"","meta":[],"product_cat":[112],"product_tag":[],"_links":{"self":[{"href":"https:\/\/raicesargentinas.it\/fr\/wp-json\/wp\/v2\/product\/1670"}],"collection":[{"href":"https:\/\/raicesargentinas.it\/fr\/wp-json\/wp\/v2\/product"}],"about":[{"href":"https:\/\/raicesargentinas.it\/fr\/wp-json\/wp\/v2\/types\/product"}],"wp:featuredmedia":[{"embeddable":true,"href":"https:\/\/raicesargentinas.it\/fr\/wp-json\/wp\/v2\/media\/2674"}],"wp:attachment":[{"href":"https:\/\/raicesargentinas.it\/fr\/wp-json\/wp\/v2\/media?parent=1670"}],"wp:term":[{"taxonomy":"product_cat","embeddable":true,"href":"https:\/\/raicesargentinas.it\/fr\/wp-json\/wp\/v2\/product_cat?post=1670"},{"taxonomy":"product_tag","embeddable":true,"href":"https:\/\/raicesargentinas.it\/fr\/wp-json\/wp\/v2\/product_tag?post=1670"}],"curies":[{"name":"wp","href":"https:\/\/api.w.org\/{rel}","templated":true}]}}