{"id":1674,"date":"2022-04-28T20:28:21","date_gmt":"2022-04-28T20:28:21","guid":{"rendered":"https:\/\/csdemos.com.ar\/wp\/raicesml\/product\/kit-botanique-especes\/"},"modified":"2023-02-08T19:50:37","modified_gmt":"2023-02-08T19:50:37","slug":"kit-bosque-gin-alta-montana","status":"publish","type":"product","link":"https:\/\/raicesargentinas.it\/fr\/product\/kit-bosque-gin-alta-montana\/","title":{"rendered":"KIT BOSQUE GIN ALTA MONTA\u00d1A"},"content":{"rendered":"<p>Coffret cadeau dans une bo\u00eete en bois contenant du gin Bosque Alta Monta\u00f1a, un verre \u00e0 long drink en cristal bavarois fin de Nachtmann Noblesse et un jigger en bronze et anis \u00e9toil\u00e9.<\/p>\n","protected":false},"excerpt":{"rendered":"<p>Coffret cadeau dans une bo\u00eete en bois contenant du gin Bosque Alta Monta\u00f1a, un verre \u00e0 long drink en cristal bavarois fin de Nachtmann Noblesse et un jigger en bronze et anis \u00e9toil\u00e9.<\/p>\n","protected":false},"featured_media":1080,"template":"","meta":[],"product_cat":[112],"product_tag":[],"_links":{"self":[{"href":"https:\/\/raicesargentinas.it\/fr\/wp-json\/wp\/v2\/product\/1674"}],"collection":[{"href":"https:\/\/raicesargentinas.it\/fr\/wp-json\/wp\/v2\/product"}],"about":[{"href":"https:\/\/raicesargentinas.it\/fr\/wp-json\/wp\/v2\/types\/product"}],"wp:featuredmedia":[{"embeddable":true,"href":"https:\/\/raicesargentinas.it\/fr\/wp-json\/wp\/v2\/media\/1080"}],"wp:attachment":[{"href":"https:\/\/raicesargentinas.it\/fr\/wp-json\/wp\/v2\/media?parent=1674"}],"wp:term":[{"taxonomy":"product_cat","embeddable":true,"href":"https:\/\/raicesargentinas.it\/fr\/wp-json\/wp\/v2\/product_cat?post=1674"},{"taxonomy":"product_tag","embeddable":true,"href":"https:\/\/raicesargentinas.it\/fr\/wp-json\/wp\/v2\/product_tag?post=1674"}],"curies":[{"name":"wp","href":"https:\/\/api.w.org\/{rel}","templated":true}]}}