{"id":1678,"date":"2022-10-25T20:35:53","date_gmt":"2022-10-25T20:35:53","guid":{"rendered":"https:\/\/csdemos.com.ar\/wp\/raicesml\/product\/reserva-de-familia-pinot-noir\/"},"modified":"2023-01-13T14:09:45","modified_gmt":"2023-01-13T14:09:45","slug":"alfredo-roca-reserva-de-familia-pinot-noir","status":"publish","type":"product","link":"https:\/\/raicesargentinas.it\/fr\/product\/alfredo-roca-reserva-de-familia-pinot-noir\/","title":{"rendered":"ALFREDO ROCA &#8211; RESERVA DE FAMILIA PINOT NOIR"},"content":{"rendered":"<p>Couleur rouge tr\u00e8s vive montr\u00e9e dans son ton rubis ; intense et profonde. Au nez, il est extr\u00eamement \u00e9l\u00e9gant et int\u00e9ressant gr\u00e2ce \u00e0 sa palette d&rsquo;ar\u00f4mes \u00e9pic\u00e9s. En bouche, il est complexe et d\u00e9licat ; ses saveurs de fruits noirs et d&rsquo;\u00e9pices ressortent, gratifi\u00e9es par sa maturation en ch\u00eane fran\u00e7ais.<\/p>\n","protected":false},"excerpt":{"rendered":"<p>Couleur rouge tr\u00e8s vive montr\u00e9e dans son ton rubis ; intense et profonde. Au nez, il est extr\u00eamement \u00e9l\u00e9gant et int\u00e9ressant gr\u00e2ce \u00e0 sa palette d&rsquo;ar\u00f4mes \u00e9pic\u00e9s. En bouche, il est complexe et d\u00e9licat ; ses saveurs de fruits noirs et d&rsquo;\u00e9pices ressortent, gratifi\u00e9es par sa maturation en ch\u00eane fran\u00e7ais.<\/p>\n","protected":false},"featured_media":624,"template":"","meta":[],"product_cat":[114,115],"product_tag":[],"_links":{"self":[{"href":"https:\/\/raicesargentinas.it\/fr\/wp-json\/wp\/v2\/product\/1678"}],"collection":[{"href":"https:\/\/raicesargentinas.it\/fr\/wp-json\/wp\/v2\/product"}],"about":[{"href":"https:\/\/raicesargentinas.it\/fr\/wp-json\/wp\/v2\/types\/product"}],"wp:featuredmedia":[{"embeddable":true,"href":"https:\/\/raicesargentinas.it\/fr\/wp-json\/wp\/v2\/media\/624"}],"wp:attachment":[{"href":"https:\/\/raicesargentinas.it\/fr\/wp-json\/wp\/v2\/media?parent=1678"}],"wp:term":[{"taxonomy":"product_cat","embeddable":true,"href":"https:\/\/raicesargentinas.it\/fr\/wp-json\/wp\/v2\/product_cat?post=1678"},{"taxonomy":"product_tag","embeddable":true,"href":"https:\/\/raicesargentinas.it\/fr\/wp-json\/wp\/v2\/product_tag?post=1678"}],"curies":[{"name":"wp","href":"https:\/\/api.w.org\/{rel}","templated":true}]}}