{"id":1683,"date":"2022-10-25T20:33:52","date_gmt":"2022-10-25T20:33:52","guid":{"rendered":"https:\/\/csdemos.com.ar\/wp\/raicesml\/product\/reserva-de-familia-malbec\/"},"modified":"2023-01-13T14:10:49","modified_gmt":"2023-01-13T14:10:49","slug":"alfredo-roca-reserva-de-familia-malbec","status":"publish","type":"product","link":"https:\/\/raicesargentinas.it\/fr\/product\/alfredo-roca-reserva-de-familia-malbec\/","title":{"rendered":"ALFREDO ROCA &#8211; RESERVA DE FAMILIA MALBEC"},"content":{"rendered":"<p>Couleur intense o\u00f9 se refl\u00e8tent des tons rouges violac\u00e9s parfaits. Les ar\u00f4mes de fruits rouges pr\u00e9dominent, amalgam\u00e9s \u00e0 de douces notes vanill\u00e9es provenant de son vieillissement en ch\u00eane.<br \/>\nEn bouche, il pr\u00e9sente une grande structure gr\u00e2ce \u00e0 sa forte concentration de tanins m\u00fbrs.<\/p>\n","protected":false},"excerpt":{"rendered":"<p>Couleur intense o\u00f9 se refl\u00e8tent des tons rouges violac\u00e9s parfaits. Les ar\u00f4mes de fruits rouges pr\u00e9dominent, amalgam\u00e9s \u00e0 de douces notes vanill\u00e9es provenant de son vieillissement en ch\u00eane. En bouche, il pr\u00e9sente une grande structure gr\u00e2ce \u00e0 sa forte concentration de tanins m\u00fbrs.<\/p>\n","protected":false},"featured_media":620,"template":"","meta":[],"product_cat":[114,115],"product_tag":[],"_links":{"self":[{"href":"https:\/\/raicesargentinas.it\/fr\/wp-json\/wp\/v2\/product\/1683"}],"collection":[{"href":"https:\/\/raicesargentinas.it\/fr\/wp-json\/wp\/v2\/product"}],"about":[{"href":"https:\/\/raicesargentinas.it\/fr\/wp-json\/wp\/v2\/types\/product"}],"wp:featuredmedia":[{"embeddable":true,"href":"https:\/\/raicesargentinas.it\/fr\/wp-json\/wp\/v2\/media\/620"}],"wp:attachment":[{"href":"https:\/\/raicesargentinas.it\/fr\/wp-json\/wp\/v2\/media?parent=1683"}],"wp:term":[{"taxonomy":"product_cat","embeddable":true,"href":"https:\/\/raicesargentinas.it\/fr\/wp-json\/wp\/v2\/product_cat?post=1683"},{"taxonomy":"product_tag","embeddable":true,"href":"https:\/\/raicesargentinas.it\/fr\/wp-json\/wp\/v2\/product_tag?post=1683"}],"curies":[{"name":"wp","href":"https:\/\/api.w.org\/{rel}","templated":true}]}}