{"id":1697,"date":"2022-10-25T20:38:23","date_gmt":"2022-10-25T20:38:23","guid":{"rendered":"https:\/\/csdemos.com.ar\/wp\/raicesml\/product\/rosado-nuri\/"},"modified":"2023-01-13T14:09:15","modified_gmt":"2023-01-13T14:09:15","slug":"alfredo-roca-rosado-nuri","status":"publish","type":"product","link":"https:\/\/raicesargentinas.it\/fr\/product\/alfredo-roca-rosado-nuri\/","title":{"rendered":"ALFREDO ROCA &#8211; ROSADO NURI"},"content":{"rendered":"<p>D\u00e9licate couleur rose corail. Expressif au nez, il est frais et \u00e9l\u00e9gant avec des caract\u00e9ristiques florales.<\/p>\n","protected":false},"excerpt":{"rendered":"<p>D\u00e9licate couleur rose corail. Expressif au nez, il est frais et \u00e9l\u00e9gant avec des caract\u00e9ristiques florales.<\/p>\n","protected":false},"featured_media":628,"template":"","meta":[],"product_cat":[114,115],"product_tag":[],"_links":{"self":[{"href":"https:\/\/raicesargentinas.it\/fr\/wp-json\/wp\/v2\/product\/1697"}],"collection":[{"href":"https:\/\/raicesargentinas.it\/fr\/wp-json\/wp\/v2\/product"}],"about":[{"href":"https:\/\/raicesargentinas.it\/fr\/wp-json\/wp\/v2\/types\/product"}],"wp:featuredmedia":[{"embeddable":true,"href":"https:\/\/raicesargentinas.it\/fr\/wp-json\/wp\/v2\/media\/628"}],"wp:attachment":[{"href":"https:\/\/raicesargentinas.it\/fr\/wp-json\/wp\/v2\/media?parent=1697"}],"wp:term":[{"taxonomy":"product_cat","embeddable":true,"href":"https:\/\/raicesargentinas.it\/fr\/wp-json\/wp\/v2\/product_cat?post=1697"},{"taxonomy":"product_tag","embeddable":true,"href":"https:\/\/raicesargentinas.it\/fr\/wp-json\/wp\/v2\/product_tag?post=1697"}],"curies":[{"name":"wp","href":"https:\/\/api.w.org\/{rel}","templated":true}]}}