{"id":1714,"date":"2022-10-25T21:36:26","date_gmt":"2022-10-25T21:36:26","guid":{"rendered":"https:\/\/csdemos.com.ar\/wp\/raicesml\/product\/gin-bosque-alta-montana\/"},"modified":"2022-12-12T16:55:30","modified_gmt":"2022-12-12T16:55:30","slug":"bosque-alta-montana-gin","status":"publish","type":"product","link":"https:\/\/raicesargentinas.it\/fr\/product\/bosque-alta-montana-gin\/","title":{"rendered":"GIN BOSQUE ALTA MONTA\u00d1A"},"content":{"rendered":"<p>Gin artisanal con\u00e7u pour les basses temp\u00e9ratures et inspir\u00e9 par la montagne<\/p>\n","protected":false},"excerpt":{"rendered":"<p>Gin artisanal con\u00e7u pour les basses temp\u00e9ratures et inspir\u00e9 par la montagne<\/p>\n","protected":false},"featured_media":2788,"template":"","meta":[],"product_cat":[112],"product_tag":[],"_links":{"self":[{"href":"https:\/\/raicesargentinas.it\/fr\/wp-json\/wp\/v2\/product\/1714"}],"collection":[{"href":"https:\/\/raicesargentinas.it\/fr\/wp-json\/wp\/v2\/product"}],"about":[{"href":"https:\/\/raicesargentinas.it\/fr\/wp-json\/wp\/v2\/types\/product"}],"wp:featuredmedia":[{"embeddable":true,"href":"https:\/\/raicesargentinas.it\/fr\/wp-json\/wp\/v2\/media\/2788"}],"wp:attachment":[{"href":"https:\/\/raicesargentinas.it\/fr\/wp-json\/wp\/v2\/media?parent=1714"}],"wp:term":[{"taxonomy":"product_cat","embeddable":true,"href":"https:\/\/raicesargentinas.it\/fr\/wp-json\/wp\/v2\/product_cat?post=1714"},{"taxonomy":"product_tag","embeddable":true,"href":"https:\/\/raicesargentinas.it\/fr\/wp-json\/wp\/v2\/product_tag?post=1714"}],"curies":[{"name":"wp","href":"https:\/\/api.w.org\/{rel}","templated":true}]}}