{"id":1726,"date":"2022-10-25T22:30:19","date_gmt":"2022-10-25T22:30:19","guid":{"rendered":"https:\/\/csdemos.com.ar\/wp\/raicesml\/product\/galletitas-integrales\/"},"modified":"2023-01-31T21:40:41","modified_gmt":"2023-01-31T21:40:41","slug":"galletita-integral-chips-de-chocolate","status":"publish","type":"product","link":"https:\/\/raicesargentinas.it\/fr\/product\/galletita-integral-chips-de-chocolate\/","title":{"rendered":"GALLETITA INTEGRAL CHIPS DE CHOCOLATE"},"content":{"rendered":"<p>Une alimentation 100% compl\u00e8te qui ajoute et utilise uniquement des ingr\u00e9dients naturels pour obtenir le produit final le plus d\u00e9licieux et le plus sain. Pr\u00e9par\u00e9 \u00e0 partir de farine compl\u00e8te \u00e0 100 %, de flocons d&rsquo;avoine entiers, d&rsquo;huile de tournesol \u00e0 haute teneur en acide ol\u00e9ique et sucr\u00e9 \u00e0 100 % avec du sucre brun de canne mascabo.<\/p>\n","protected":false},"excerpt":{"rendered":"<p>Une alimentation 100% compl\u00e8te qui ajoute et utilise uniquement des ingr\u00e9dients naturels pour obtenir le produit final le plus d\u00e9licieux et le plus sain. Pr\u00e9par\u00e9 \u00e0 partir de farine compl\u00e8te \u00e0 100 %, de flocons d&rsquo;avoine entiers, d&rsquo;huile de tournesol \u00e0 haute teneur en acide ol\u00e9ique et sucr\u00e9 \u00e0 100 % avec du sucre brun [&hellip;]<\/p>\n","protected":false},"featured_media":2313,"template":"","meta":[],"product_cat":[313,130],"product_tag":[],"_links":{"self":[{"href":"https:\/\/raicesargentinas.it\/fr\/wp-json\/wp\/v2\/product\/1726"}],"collection":[{"href":"https:\/\/raicesargentinas.it\/fr\/wp-json\/wp\/v2\/product"}],"about":[{"href":"https:\/\/raicesargentinas.it\/fr\/wp-json\/wp\/v2\/types\/product"}],"wp:featuredmedia":[{"embeddable":true,"href":"https:\/\/raicesargentinas.it\/fr\/wp-json\/wp\/v2\/media\/2313"}],"wp:attachment":[{"href":"https:\/\/raicesargentinas.it\/fr\/wp-json\/wp\/v2\/media?parent=1726"}],"wp:term":[{"taxonomy":"product_cat","embeddable":true,"href":"https:\/\/raicesargentinas.it\/fr\/wp-json\/wp\/v2\/product_cat?post=1726"},{"taxonomy":"product_tag","embeddable":true,"href":"https:\/\/raicesargentinas.it\/fr\/wp-json\/wp\/v2\/product_tag?post=1726"}],"curies":[{"name":"wp","href":"https:\/\/api.w.org\/{rel}","templated":true}]}}