{"id":2278,"date":"2022-12-14T16:57:18","date_gmt":"2022-12-14T16:57:18","guid":{"rendered":"https:\/\/csdemos.com.ar\/wp\/raicesml\/product\/kit-double-or-nothing\/"},"modified":"2022-12-14T17:08:04","modified_gmt":"2022-12-14T17:08:04","slug":"kit-double-or-nothing","status":"publish","type":"product","link":"https:\/\/raicesargentinas.it\/fr\/product\/kit-double-or-nothing\/","title":{"rendered":"KIT DOUBLE OR NOTHING"},"content":{"rendered":"<p>Un coffret cadeau en bois contenant le gin Bosque Alta Monta\u00f1a, le gin Bosque Nativo, un jigger en bronze et des anis \u00e9toil\u00e9s.<\/p>\n","protected":false},"excerpt":{"rendered":"<p>Un coffret cadeau en bois contenant le gin Bosque Alta Monta\u00f1a, le gin Bosque Nativo, un jigger en bronze et des anis \u00e9toil\u00e9s.<\/p>\n","protected":false},"featured_media":2274,"template":"","meta":[],"product_cat":[112],"product_tag":[],"_links":{"self":[{"href":"https:\/\/raicesargentinas.it\/fr\/wp-json\/wp\/v2\/product\/2278"}],"collection":[{"href":"https:\/\/raicesargentinas.it\/fr\/wp-json\/wp\/v2\/product"}],"about":[{"href":"https:\/\/raicesargentinas.it\/fr\/wp-json\/wp\/v2\/types\/product"}],"wp:featuredmedia":[{"embeddable":true,"href":"https:\/\/raicesargentinas.it\/fr\/wp-json\/wp\/v2\/media\/2274"}],"wp:attachment":[{"href":"https:\/\/raicesargentinas.it\/fr\/wp-json\/wp\/v2\/media?parent=2278"}],"wp:term":[{"taxonomy":"product_cat","embeddable":true,"href":"https:\/\/raicesargentinas.it\/fr\/wp-json\/wp\/v2\/product_cat?post=2278"},{"taxonomy":"product_tag","embeddable":true,"href":"https:\/\/raicesargentinas.it\/fr\/wp-json\/wp\/v2\/product_tag?post=2278"}],"curies":[{"name":"wp","href":"https:\/\/api.w.org\/{rel}","templated":true}]}}