{"id":3021,"date":"2023-11-04T15:51:06","date_gmt":"2023-11-04T15:51:06","guid":{"rendered":"https:\/\/raicesargentinas.it\/product\/estate-malbec-2021\/"},"modified":"2023-11-04T16:48:51","modified_gmt":"2023-11-04T16:48:51","slug":"domaine-malbec-2021","status":"publish","type":"product","link":"https:\/\/raicesargentinas.it\/fr\/product\/domaine-malbec-2021\/","title":{"rendered":"DOMAINE &#8211; MALBEC 2021"},"content":{"rendered":"<p>Vin de couleur rouge rubis avec des reflets violets et des ar\u00f4mes fruit\u00e9s de canneberge et de prune. C&rsquo;est un vin rond et gras, mais frais et opulent gr\u00e2ce \u00e0 ses tanins doux et \u00e0 sa bonne acidit\u00e9.<\/p>\n","protected":false},"excerpt":{"rendered":"<p>Vin de couleur rouge rubis avec des reflets violets et des ar\u00f4mes fruit\u00e9s de canneberge et de prune. C&rsquo;est un vin rond et gras, mais frais et opulent gr\u00e2ce \u00e0 ses tanins doux et \u00e0 sa bonne acidit\u00e9.<\/p>\n","protected":false},"featured_media":3012,"template":"","meta":[],"product_cat":[114,255],"product_tag":[259,117],"_links":{"self":[{"href":"https:\/\/raicesargentinas.it\/fr\/wp-json\/wp\/v2\/product\/3021"}],"collection":[{"href":"https:\/\/raicesargentinas.it\/fr\/wp-json\/wp\/v2\/product"}],"about":[{"href":"https:\/\/raicesargentinas.it\/fr\/wp-json\/wp\/v2\/types\/product"}],"wp:featuredmedia":[{"embeddable":true,"href":"https:\/\/raicesargentinas.it\/fr\/wp-json\/wp\/v2\/media\/3012"}],"wp:attachment":[{"href":"https:\/\/raicesargentinas.it\/fr\/wp-json\/wp\/v2\/media?parent=3021"}],"wp:term":[{"taxonomy":"product_cat","embeddable":true,"href":"https:\/\/raicesargentinas.it\/fr\/wp-json\/wp\/v2\/product_cat?post=3021"},{"taxonomy":"product_tag","embeddable":true,"href":"https:\/\/raicesargentinas.it\/fr\/wp-json\/wp\/v2\/product_tag?post=3021"}],"curies":[{"name":"wp","href":"https:\/\/api.w.org\/{rel}","templated":true}]}}