{"id":3036,"date":"2023-11-04T15:56:16","date_gmt":"2023-11-04T15:56:16","guid":{"rendered":"https:\/\/raicesargentinas.it\/product\/estate-cabernet-sauvignon-2022\/"},"modified":"2023-11-04T16:48:16","modified_gmt":"2023-11-04T16:48:16","slug":"estate-cabernet-sauvignon-2022","status":"publish","type":"product","link":"https:\/\/raicesargentinas.it\/fr\/product\/estate-cabernet-sauvignon-2022\/","title":{"rendered":"DOMAINE &#8211; CABERNET SAUVIGNON 2022"},"content":{"rendered":"<p>Vin de couleur rouge-rubis intense avec des reflets violets. Nez tr\u00e8s complexe ; ar\u00f4mes de framboise et de poivre noir avec des notes min\u00e9rales. En bouche, c&rsquo;est un vin bien structur\u00e9 et cors\u00e9, avec des tanins doux et une finale longue et persistante.<\/p>\n","protected":false},"excerpt":{"rendered":"<p>Vin de couleur rouge-rubis intense avec des reflets violets. Nez tr\u00e8s complexe ; ar\u00f4mes de framboise et de poivre noir avec des notes min\u00e9rales. En bouche, c&rsquo;est un vin bien structur\u00e9 et cors\u00e9, avec des tanins doux et une finale longue et persistante.<\/p>\n","protected":false},"featured_media":3032,"template":"","meta":[],"product_cat":[114,255],"product_tag":[264,259],"_links":{"self":[{"href":"https:\/\/raicesargentinas.it\/fr\/wp-json\/wp\/v2\/product\/3036"}],"collection":[{"href":"https:\/\/raicesargentinas.it\/fr\/wp-json\/wp\/v2\/product"}],"about":[{"href":"https:\/\/raicesargentinas.it\/fr\/wp-json\/wp\/v2\/types\/product"}],"wp:featuredmedia":[{"embeddable":true,"href":"https:\/\/raicesargentinas.it\/fr\/wp-json\/wp\/v2\/media\/3032"}],"wp:attachment":[{"href":"https:\/\/raicesargentinas.it\/fr\/wp-json\/wp\/v2\/media?parent=3036"}],"wp:term":[{"taxonomy":"product_cat","embeddable":true,"href":"https:\/\/raicesargentinas.it\/fr\/wp-json\/wp\/v2\/product_cat?post=3036"},{"taxonomy":"product_tag","embeddable":true,"href":"https:\/\/raicesargentinas.it\/fr\/wp-json\/wp\/v2\/product_tag?post=3036"}],"curies":[{"name":"wp","href":"https:\/\/api.w.org\/{rel}","templated":true}]}}