{"id":3051,"date":"2023-11-04T15:59:55","date_gmt":"2023-11-04T15:59:55","guid":{"rendered":"https:\/\/raicesargentinas.it\/product\/reserva-malbec-2018\/"},"modified":"2023-11-04T16:46:36","modified_gmt":"2023-11-04T16:46:36","slug":"reserva-malbec-2018","status":"publish","type":"product","link":"https:\/\/raicesargentinas.it\/fr\/product\/reserva-malbec-2018\/","title":{"rendered":"RESERVA &#8211; MALBEC 2018"},"content":{"rendered":"<p>Vin de couleur rouge rubis avec des reflets violets. Des ar\u00f4mes fruit\u00e9s tels que la myrtille et la prune, qui se traduisent par un bouquet riche et harmonieux. En bouche, il pr\u00e9sente une entr\u00e9e velout\u00e9e, une fin de bouche fra\u00eeche et pourtant bien structur\u00e9e gr\u00e2ce \u00e0 des tanins doux et une bonne acidit\u00e9.<\/p>\n","protected":false},"excerpt":{"rendered":"<p>Vin de couleur rouge rubis avec des reflets violets. Des ar\u00f4mes fruit\u00e9s tels que la myrtille et la prune, qui se traduisent par un bouquet riche et harmonieux. En bouche, il pr\u00e9sente une entr\u00e9e velout\u00e9e, une fin de bouche fra\u00eeche et pourtant bien structur\u00e9e gr\u00e2ce \u00e0 des tanins doux et une bonne acidit\u00e9.<\/p>\n","protected":false},"featured_media":3047,"template":"","meta":[],"product_cat":[114,255],"product_tag":[259,117],"_links":{"self":[{"href":"https:\/\/raicesargentinas.it\/fr\/wp-json\/wp\/v2\/product\/3051"}],"collection":[{"href":"https:\/\/raicesargentinas.it\/fr\/wp-json\/wp\/v2\/product"}],"about":[{"href":"https:\/\/raicesargentinas.it\/fr\/wp-json\/wp\/v2\/types\/product"}],"wp:featuredmedia":[{"embeddable":true,"href":"https:\/\/raicesargentinas.it\/fr\/wp-json\/wp\/v2\/media\/3047"}],"wp:attachment":[{"href":"https:\/\/raicesargentinas.it\/fr\/wp-json\/wp\/v2\/media?parent=3051"}],"wp:term":[{"taxonomy":"product_cat","embeddable":true,"href":"https:\/\/raicesargentinas.it\/fr\/wp-json\/wp\/v2\/product_cat?post=3051"},{"taxonomy":"product_tag","embeddable":true,"href":"https:\/\/raicesargentinas.it\/fr\/wp-json\/wp\/v2\/product_tag?post=3051"}],"curies":[{"name":"wp","href":"https:\/\/api.w.org\/{rel}","templated":true}]}}