{"id":3061,"date":"2023-11-04T16:02:16","date_gmt":"2023-11-04T16:02:16","guid":{"rendered":"https:\/\/raicesargentinas.it\/product\/reserva-cabernet-sauvignon-2019\/"},"modified":"2023-11-04T16:45:54","modified_gmt":"2023-11-04T16:45:54","slug":"reserva-cabernet-sauvignon-2019","status":"publish","type":"product","link":"https:\/\/raicesargentinas.it\/fr\/product\/reserva-cabernet-sauvignon-2019\/","title":{"rendered":"RESERVA &#8211; CABERNET SAUVIGNON 2019"},"content":{"rendered":"<p>Vin de couleur rouge rubis intense qui pr\u00e9sente un bouquet tr\u00e8s complexe, avec des ar\u00f4mes de fruits rouges, de poivre noir et des notes min\u00e9rales. En bouche, c&rsquo;est un vin rouge charnu, bien structur\u00e9, aux tanins ronds et \u00e0 la finale persistante.  <\/p>\n","protected":false},"excerpt":{"rendered":"<p>Vin de couleur rouge rubis intense qui pr\u00e9sente un bouquet tr\u00e8s complexe, avec des ar\u00f4mes de fruits rouges, de poivre noir et des notes min\u00e9rales. En bouche, c&rsquo;est un vin rouge charnu, bien structur\u00e9, aux tanins ronds et \u00e0 la finale persistante.<\/p>\n","protected":false},"featured_media":3057,"template":"","meta":[],"product_cat":[114,255],"product_tag":[264,259],"_links":{"self":[{"href":"https:\/\/raicesargentinas.it\/fr\/wp-json\/wp\/v2\/product\/3061"}],"collection":[{"href":"https:\/\/raicesargentinas.it\/fr\/wp-json\/wp\/v2\/product"}],"about":[{"href":"https:\/\/raicesargentinas.it\/fr\/wp-json\/wp\/v2\/types\/product"}],"wp:featuredmedia":[{"embeddable":true,"href":"https:\/\/raicesargentinas.it\/fr\/wp-json\/wp\/v2\/media\/3057"}],"wp:attachment":[{"href":"https:\/\/raicesargentinas.it\/fr\/wp-json\/wp\/v2\/media?parent=3061"}],"wp:term":[{"taxonomy":"product_cat","embeddable":true,"href":"https:\/\/raicesargentinas.it\/fr\/wp-json\/wp\/v2\/product_cat?post=3061"},{"taxonomy":"product_tag","embeddable":true,"href":"https:\/\/raicesargentinas.it\/fr\/wp-json\/wp\/v2\/product_tag?post=3061"}],"curies":[{"name":"wp","href":"https:\/\/api.w.org\/{rel}","templated":true}]}}