{"id":3081,"date":"2023-11-04T16:06:53","date_gmt":"2023-11-04T16:06:53","guid":{"rendered":"https:\/\/raicesargentinas.it\/product\/gran-reserva-malbec-2016\/"},"modified":"2023-11-04T16:44:57","modified_gmt":"2023-11-04T16:44:57","slug":"gran-reserva-malbec-2016","status":"publish","type":"product","link":"https:\/\/raicesargentinas.it\/fr\/product\/gran-reserva-malbec-2016\/","title":{"rendered":"GRAN RESERVA &#8211; MALBEC 2016"},"content":{"rendered":"<p>Vin rouge d&rsquo;une couleur rubis profond aux reflets violets. Pr\u00e9sente des ar\u00f4mes fruit\u00e9s tels que les fruits rouges et les cerises m\u00fbres. Tr\u00e8s \u00e9l\u00e9gant, souple et frais en bouche, il pr\u00e9sente \u00e9galement une longue persistance.<\/p>\n","protected":false},"excerpt":{"rendered":"<p>Vin rouge d&rsquo;une couleur rubis profond aux reflets violets. Pr\u00e9sente des ar\u00f4mes fruit\u00e9s tels que les fruits rouges et les cerises m\u00fbres. Tr\u00e8s \u00e9l\u00e9gant, souple et frais en bouche, il pr\u00e9sente \u00e9galement une longue persistance.<\/p>\n","protected":false},"featured_media":3077,"template":"","meta":[],"product_cat":[114,255],"product_tag":[259,117],"_links":{"self":[{"href":"https:\/\/raicesargentinas.it\/fr\/wp-json\/wp\/v2\/product\/3081"}],"collection":[{"href":"https:\/\/raicesargentinas.it\/fr\/wp-json\/wp\/v2\/product"}],"about":[{"href":"https:\/\/raicesargentinas.it\/fr\/wp-json\/wp\/v2\/types\/product"}],"wp:featuredmedia":[{"embeddable":true,"href":"https:\/\/raicesargentinas.it\/fr\/wp-json\/wp\/v2\/media\/3077"}],"wp:attachment":[{"href":"https:\/\/raicesargentinas.it\/fr\/wp-json\/wp\/v2\/media?parent=3081"}],"wp:term":[{"taxonomy":"product_cat","embeddable":true,"href":"https:\/\/raicesargentinas.it\/fr\/wp-json\/wp\/v2\/product_cat?post=3081"},{"taxonomy":"product_tag","embeddable":true,"href":"https:\/\/raicesargentinas.it\/fr\/wp-json\/wp\/v2\/product_tag?post=3081"}],"curies":[{"name":"wp","href":"https:\/\/api.w.org\/{rel}","templated":true}]}}